{"id":363,"date":"2020-12-02T08:22:17","date_gmt":"2020-12-02T08:22:17","guid":{"rendered":"https:\/\/www.farveogstil.dk\/?post_type=product&#038;p=363"},"modified":"2024-04-02T11:46:49","modified_gmt":"2024-04-02T09:46:49","slug":"gavekort","status":"publish","type":"product","link":"https:\/\/www.farveogstil.dk\/index.php\/vare\/gavekort\/","title":{"rendered":"Gavekort"},"content":{"rendered":"<p>Giv et gavekort til \u00e9n du holder af!<br \/>\nFarvetest, makeup test, stiltest er alle personlige ydelser og en fork\u00e6lelse til b\u00e5de ham og hende.<br \/>\nMed et gavekort til farve-, makeup- og stiltest er du sikker p\u00e5 at give en gave, der holder l\u00e6nge.<\/p>\n<p>Gavekortet kan sendes med postbudet (+30 DKK) eller du kan v\u00e6lge at f\u00e5 den tilsendt p\u00e5 email, s\u00e5 du selv kan printe og pakke gaven ind.<\/p>\n","protected":false},"excerpt":{"rendered":"<p>Giv et gavekort til \u00e9n, du har k\u00e6r!<br \/>\nGiv en gave, der favner alle!<br \/>\nGiv en gave, der holder l\u00e6nge!<\/p>\n","protected":false},"featured_media":365,"template":"","meta":[],"product_brand":[],"product_cat":[18],"product_tag":[],"class_list":{"0":"post-363","1":"product","2":"type-product","3":"status-publish","4":"has-post-thumbnail","6":"product_cat-farvetester","8":"first","9":"instock","10":"shipping-taxable","11":"purchasable","12":"product-type-variable","13":"has-default-attributes"},"_links":{"self":[{"href":"https:\/\/www.farveogstil.dk\/index.php\/wp-json\/wp\/v2\/product\/363","targetHints":{"allow":["GET"]}}],"collection":[{"href":"https:\/\/www.farveogstil.dk\/index.php\/wp-json\/wp\/v2\/product"}],"about":[{"href":"https:\/\/www.farveogstil.dk\/index.php\/wp-json\/wp\/v2\/types\/product"}],"wp:featuredmedia":[{"embeddable":true,"href":"https:\/\/www.farveogstil.dk\/index.php\/wp-json\/wp\/v2\/media\/365"}],"wp:attachment":[{"href":"https:\/\/www.farveogstil.dk\/index.php\/wp-json\/wp\/v2\/media?parent=363"}],"wp:term":[{"taxonomy":"product_brand","embeddable":true,"href":"https:\/\/www.farveogstil.dk\/index.php\/wp-json\/wp\/v2\/product_brand?post=363"},{"taxonomy":"product_cat","embeddable":true,"href":"https:\/\/www.farveogstil.dk\/index.php\/wp-json\/wp\/v2\/product_cat?post=363"},{"taxonomy":"product_tag","embeddable":true,"href":"https:\/\/www.farveogstil.dk\/index.php\/wp-json\/wp\/v2\/product_tag?post=363"}],"curies":[{"name":"wp","href":"https:\/\/api.w.org\/{rel}","templated":true}]}}