{"id":380,"date":"2020-12-02T09:45:52","date_gmt":"2020-12-02T09:45:52","guid":{"rendered":"https:\/\/www.farveogstil.dk\/?page_id=380"},"modified":"2020-12-09T13:58:39","modified_gmt":"2020-12-09T12:58:39","slug":"handelsbetingelser","status":"publish","type":"page","link":"https:\/\/www.farveogstil.dk\/index.php\/handelsbetingelser\/","title":{"rendered":"Handelsbetingelser"},"content":{"rendered":"\n    \n    <section class=\"u-align-center u-clearfix u-gradient u-section-2\" id=\"sec-c909\">\n      <div class=\"u-clearfix u-sheet u-valign-middle-lg u-valign-middle-md u-valign-middle-sm u-valign-middle-xl u-sheet-1\">\n        <h2 class=\"u-text u-text-default u-text-1\">Handelsbetingelser<\/h2>\n        <div class=\"u-clearfix u-expanded-width u-layout-wrap u-layout-wrap-1\">\n          <div class=\"u-layout\">\n            <div class=\"u-layout-row\">\n              <div class=\"u-container-style u-layout-cell u-left-cell u-size-30 u-layout-cell-1\">\n                <div class=\"u-container-layout u-container-layout-1\">\n                  <p class=\"u-text u-text-default u-text-2\">GENERELLE OPLYSNINGER&nbsp;<br>Farve og stil&nbsp;<br>v\/ Charlotte S\u00f8borg&nbsp;<br>Heboltoft 9&nbsp;<br>6950 Ringk\u00f8bing&nbsp;<br>CVR nr.: 41412445&nbsp;<br>Telefon: 22780055&nbsp;<br>Email: info@farveogstil.dk &nbsp;<br>\n                    <br>PRISER&nbsp;<br>Hos Farve og stil tager vi forbehold for eventuelle fejl i vores angivne priser. Endvidere forbeholder vi os ret til at \u00e6ndre i priserne uden forudg\u00e5ende samtykke. Der tages forbehold for udsolgte varer.<br>\n                    <br>BETALING&nbsp;<br>Farve og stil modtager betaling med MobilePay og bankoverf\u00f8rsel. Betalingen vil f\u00f8rst blive trukket p\u00e5 din konto, n\u00e5r varen afsendes. Alle bel\u00f8b er i DKK. Danske kroner og incl. moms. Der tages forbehold for prisfejl og udsolgte\/udg\u00e5ede varer.<br>\n                    <br>LEVERING&nbsp;<br>Dine varer vil blive afsendt 1-3 hverdage efter bestillingen. I travle perioder kan der g\u00e5 op til 14 dage.<br>Vi sender til hele Danmark. Fragtpriser 75 kr. Varer vil blive leveret p\u00e5 leveringsadressen.<br>Vi leverer ikke til udlandet og ikke til F\u00e6r\u00f8erne og Gr\u00f8nland.<br>Dine varer sendes med Post Nord eller GLS.<br>Du f\u00e5r besked, n\u00e5r vi har sendt din vare og du vil normalvis modtage den 5-3 hverdage derefter<br>\n                    <br>REKLAMATIONSRET&nbsp;<br>Hvis du fortryder et varek\u00f8b, kan du returnere varerne i intakt emballage indenfor 14 dage efter modtagelsen. \u2028\u2028Det er vigtigt, at du ved returneringen s\u00f8rger for, at varerne er forsvarligt indpakket i den originale emballage og at varerne ikke kan bev\u00e6ge sig rundt i kassen, hvis der er tale om skr\u00f8belige varer. \u2028\u2028Vi returnerer kun penge for varer, som kommer tilbage til os i hel tilstand og i den originale emballage. Returneringsomkostninger skal du selv afholder. \u2028\u2028Vi refunderer herefter varens pris til dig hurtigst muligt - dog ikke evt. portoudgifter - eller andre gebyrer... \u2028\u2028For at lette ekspeditionen vil vi bede dig angive dit reg.nr. &amp; kontonr. sammen med den vare, du har valgt at returnere... \u2028\u2028Hvis du \u00f8nsker at bytte til en anden vare foreg\u00e5r det s\u00e5ledes, at du f\u00f8rst returnerer - og vi tilbagebetaler pengene. Herefter kan du bestille den \u00f8nskede, nye vare. <br>Ved returnering, reklamationer og benyttelse af fortrydelsesretten sendes til:<br>Farve og stil&nbsp;<br>Heboltoft 9&nbsp;<br>6950 Ringk\u00f8bing&nbsp;<br>Der modtages ikke forsendelser pr. efterkrav.<br>\n                    <br>REFUSION&nbsp;<br>Hvis der er tale om refusion, bedes du medsende bankoplysninger i form af registreringsnr. og kontonr., s\u00e5 det aftalte bel\u00f8b kan overf\u00f8res. Disse oplysninger kan uden risiko oplyses pr. mail eller anden elektronisk form, da det ikke er f\u00f8lsomme oplysninger og kun vil blive anvendt til vores opfyldelse af refusionen.<br>\n                    <br>AFBUD VED TIDSBESTILLING TIL FARVE-. STIL- OG MAKEUPTEST&nbsp;<br>Afbud skal ske dagen f\u00f8r aftalen. Udebliver man p\u00e5 dagen for aftalen udl\u00f8ses et gebyr p\u00e5 250 kr.<br>\n                  <\/p>\n                <\/div>\n              <\/div>\n              <div class=\"u-container-style u-layout-cell u-size-30 u-layout-cell-2\">\n                <div class=\"u-container-layout u-valign-top u-container-layout-2\">\n                  <p class=\"u-text u-text-default u-text-3\">FORTRYDELSESRET&nbsp;<br>Der gives 14 dages fuld returret p\u00e5 fysiske varer k\u00f8bt i vores webshop. Perioden regnes fra den dag hvor du modtager ordren. Returneringsomkostninger skal du selv afholde. Fortrydelse skal anmeldes til os senest 14 efter k\u00f8bet og fra fortrydelsen skal I senest 14 dage efter returnere forsendelsen. Meddelelsen skal gives pr. mail p\u00e5 info@farveogstil.dk. I meddelelsen skal du g\u00f8re tydeligt opm\u00e6rksom p\u00e5, at du \u00f8nsker at benytte din fortrydelsesret. \u00d8nsker du at sende varen retur til os, skal du udfylde den vedlagte Returseddel og sende varen til:<br>Farve og stil&nbsp;<br>Heboltoft 9 &nbsp;<br>6950 Ringk\u00f8bing &nbsp;<br>\n                    <br>Du kan ikke fortryde ved blot at n\u00e6gte modtagelse af varen, uden samtidig at give tydelig meddelelse herom.&nbsp;<br>\n                    <br>VARER UNDTAGET FORTRYDELSESRETTEN&nbsp;<br>F\u00f8lgende varetyper indg\u00e5r ikke i fortrydelsesretten:- Varer, hvor plomberingen er brudt.<br>\n                    <br>RETURNERING&nbsp;<br>Du skal sende din ordre retur uden un\u00f8dig forsinkelse og senest 14 dage efter, at du har gjort brug af din fortrydelsesret. Du skal afholde de direkte udgifter i forbindelse med returnering. Ved returnering er du ansvarlig for, at varen er pakket ordentligt ind. Du skal vedl\u00e6gge en kopi af ordrebekr\u00e6ftelsen. Ekspeditionen g\u00e5r hurtigere, hvis du ligeledes udfylder og vedl\u00e6gger vores Fortrydelsesformular. Du b\u00e6rer risikoen for varen fra tidspunktet for varens levering og til, vi har modtaget den retur. Vi modtager ikke pakker sendt pr. efterkrav.<br>\n                    <br>VARENS STAND VED RETURNERING&nbsp;<br>Du h\u00e6fter kun for eventuel forringelse af varens v\u00e6rdi, som skyldes anden h\u00e5ndtering, end hvad der er n\u00f8dvendigt for at fastsl\u00e5 varens art, egenskaber og den m\u00e5de, hvorp\u00e5 den fungerer.Hvis varen er pr\u00f8vet udover, det ovenfor beskrevet, betragtes den som brugt. Hvilket betyder, at du ved fortrydelse af k\u00f8bet intet f\u00e5r af k\u00f8bsbel\u00f8bet retur. For at modtage hele k\u00f8bsbel\u00f8bet retur m\u00e5 du alts\u00e5 afpr\u00f8ve varen uden egentlig at tage den i brug.<br>\n                    <br>TILBAGEBETALING&nbsp;<br>Fortryder du dit k\u00f8b, f\u00e5r du naturligvis det bel\u00f8b du har indbetalt til os retur dog ikke fragtomkostninger. Forudsat varen er i ubrudt emballage. Vi kan tilbageholde bel\u00f8bsrefunderingen, indtil vi har modtaget varen retur, med mindre du inden da har fremlagt dokumentation for at have returneret den.<br>\n                    <br>PERSONDATAPOLITIK&nbsp;<br>For at du kan indg\u00e5 aftale med os og handle p\u00e5 vores hjemmeside, har vi brug for f\u00f8lgende oplysninger om dig:<br>Navn&nbsp;<br>Adresse&nbsp;<br>Telefonnummer&nbsp;<br>E-mailadresse&nbsp;<br>Oplysning om hvad du har k\u00f8bt.&nbsp;<br>Vi behandler dine personoplysninger med det form\u00e5l, at kunne levere varen til dig, og for at kunne behandle henvendelser vedr\u00f8rende dit k\u00f8b. Behandlingen sker efter reglerne i Databeskyttelsesloven. &nbsp;<a href=\"https:\/\/www.farveogstil.dk\/index.php\/privatlivspoltik-og-cookies\/\" class=\"u-active-none u-border-none u-btn u-button-link u-button-style u-hover-none u-none u-text-palette-1-base u-btn-1\">L\u00e6s vores persondatapolitik for Farve og stil<\/a>, hvor &nbsp;du kan l\u00e6se mere om, hvordan dine oplysninger behandles, hvorn\u00e5r de slettes, og hvilke rettigheder du har som registreret.<br>\n                    <br>KLAGEMULIGHEDER \u2013 OVERSIGT OG LINKS&nbsp;<br>Har du en klage over et produkt, k\u00f8bt i vores webshop, kan der sendes en klage til: Konkurrence- og Forbrugerstyrelsens Center for Klagel\u00f8sning,&nbsp;<br>Carl Jacobsens Vej 35, &nbsp;<br>2500 Valby<br>\n                    <a href=\"https:\/\/www.forbrug.dk\" class=\"u-active-none u-border-none u-btn u-button-link u-button-style u-hover-none u-none u-text-palette-1-base u-btn-2\" target=\"_blank\">www.forbrug.dk<\/a> &nbsp;<br>\n                    <br>Angiver du en klage her, skal du oplyse vores E-mail adresse:<a href=\"mailto:info@farveogstil.dk\" class=\"u-active-none u-border-none u-btn u-button-link u-button-style u-hover-none u-none u-text-palette-1-base u-btn-3\"> info@farveogstil.dk<\/a>&nbsp;<br>\n                  <\/p>\n                <\/div>\n              <\/div>\n            <\/div>\n          <\/div>\n        <\/div>\n      <\/div>\n    <\/section>\n    \n    \n  \n","protected":false},"excerpt":{"rendered":"<p>Handelsbetingelser GENERELLE OPLYSNINGER&nbsp;Farve og stil&nbsp;v\/ Charlotte S\u00f8borg&nbsp;Heboltoft 9&nbsp;6950 Ringk\u00f8bing&nbsp;CVR nr.: 41412445&nbsp;Telefon: 22780055&nbsp;Email: info@farveogstil.dk &nbsp; PRISER&nbsp;Hos Farve og stil tager vi forbehold for eventuelle fejl i vores angivne priser. Endvidere forbeholder vi os ret til at \u00e6ndre i priserne uden forudg\u00e5ende samtykke. Der tages forbehold for udsolgte varer. BETALING&nbsp;Farve og stil modtager betaling med MobilePay og &hellip; <a href=\"https:\/\/www.farveogstil.dk\/index.php\/handelsbetingelser\/\" class=\"more-link\">Continue reading<span class=\"screen-reader-text\"> &#8220;Handelsbetingelser&#8221;<\/span><\/a><\/p>\n","protected":false},"author":1,"featured_media":0,"parent":0,"menu_order":0,"comment_status":"closed","ping_status":"closed","template":"","meta":{"footnotes":""},"class_list":["post-380","page","type-page","status-publish","hentry"],"_links":{"self":[{"href":"https:\/\/www.farveogstil.dk\/index.php\/wp-json\/wp\/v2\/pages\/380","targetHints":{"allow":["GET"]}}],"collection":[{"href":"https:\/\/www.farveogstil.dk\/index.php\/wp-json\/wp\/v2\/pages"}],"about":[{"href":"https:\/\/www.farveogstil.dk\/index.php\/wp-json\/wp\/v2\/types\/page"}],"author":[{"embeddable":true,"href":"https:\/\/www.farveogstil.dk\/index.php\/wp-json\/wp\/v2\/users\/1"}],"replies":[{"embeddable":true,"href":"https:\/\/www.farveogstil.dk\/index.php\/wp-json\/wp\/v2\/comments?post=380"}],"version-history":[{"count":7,"href":"https:\/\/www.farveogstil.dk\/index.php\/wp-json\/wp\/v2\/pages\/380\/revisions"}],"predecessor-version":[{"id":405,"href":"https:\/\/www.farveogstil.dk\/index.php\/wp-json\/wp\/v2\/pages\/380\/revisions\/405"}],"wp:attachment":[{"href":"https:\/\/www.farveogstil.dk\/index.php\/wp-json\/wp\/v2\/media?parent=380"}],"curies":[{"name":"wp","href":"https:\/\/api.w.org\/{rel}","templated":true}]}}