{"id":374,"date":"2020-12-02T09:21:57","date_gmt":"2020-12-02T09:21:57","guid":{"rendered":"https:\/\/www.farveogstil.dk\/?page_id=374"},"modified":"2020-12-09T14:00:13","modified_gmt":"2020-12-09T13:00:13","slug":"privatlivspoltik-og-cookies","status":"publish","type":"page","link":"https:\/\/www.farveogstil.dk\/index.php\/privatlivspoltik-og-cookies\/","title":{"rendered":"Privatlivspoltik og cookies"},"content":{"rendered":"\n    \n    <section class=\"u-align-center u-clearfix u-section-2\" id=\"sec-8f1b\">\n      <div class=\"u-clearfix u-sheet u-sheet-1\">\n        <h2 class=\"u-text u-text-default u-text-1\">Privatlivspolitik<\/h2>\n        <div class=\"u-clearfix u-expanded-width u-layout-wrap u-layout-wrap-1\">\n          <div class=\"u-layout\">\n            <div class=\"u-layout-row\">\n              <div class=\"u-container-style u-layout-cell u-left-cell u-size-20 u-layout-cell-1\">\n                <div class=\"u-container-layout u-container-layout-1\">\n                  <p class=\"u-text u-text-default u-text-2\">N\u00e5r du er kunde hos Farve og Stil, h\u00e5ndterer vi oplysninger om din person. Vi h\u00e5ndterer dit navn, adresse, telefonnummer og mail.&nbsp;Ovenst\u00e5ende data er ikke under kategorien \u201dpersonf\u00f8lsomme data\u201d, men betegnes som \u201dlegitim interesse\u201d for vores samarbejde.&nbsp;<br>\n                    <br>Oplysningerne bruges udelukkende til opfyldelse af vores kunde\/butik relation. Oplysningerne gives ikke videre til tredje part, men vil naturligvis blive brugt i forsendelses\u00f8jemed.&nbsp;<br>\n                  <\/p>\n                <\/div>\n              <\/div>\n              <div class=\"u-container-style u-layout-cell u-size-20 u-layout-cell-2\">\n                <div class=\"u-container-layout u-container-layout-2\">\n                  <p class=\"u-text u-text-default u-text-3\">Efter persondatareglerne skal vi oplyse dig om, at Farve og Stil er dataansvarlig for h\u00e5ndtering af dine personoplysninger som kunde hos os.&nbsp;&nbsp;Du har ret til at anmode Farve og Stil om indsigt i og \u00e6ndringer eller sletning af data om dig. Du har ogs\u00e5 ret til begr\u00e6nsning af data og til at g\u00f8re indsigelse mod behandling af data. Derudover har du ret til dataportabilitet, det vil sige ret til at f\u00e5 en kopi af dine data og har til enhver tid ret til at f\u00e5 dine data slettet hos Farve og Stil.Data opbevares i mapper p\u00e5 kontoret og\/eller p\u00e5 pc med adgangskode, som er afl\u00e5st udenfor \u00e5bningstider.<br>\n                  <\/p>\n                <\/div>\n              <\/div>\n              <div class=\"u-container-style u-layout-cell u-right-cell u-size-20 u-layout-cell-3\">\n                <div class=\"u-container-layout u-container-layout-3\">\n                  <p class=\"u-text u-text-default u-text-4\">Du kan klage over Farve og Stils behandling af dine data til Datatilsynet.<br>\n                    <br>Farve og Stil vil som udgangspunkt gemme dine oplysninger i 5 \u00e5r, som er det juridiske krav fra Skat.<br>\n                  <\/p>\n                <\/div>\n              <\/div>\n            <\/div>\n          <\/div>\n        <\/div>\n      <\/div>\n    <\/section>\n    <section class=\"u-align-center u-clearfix u-gradient u-section-3\" id=\"carousel_36b7\">\n      <div class=\"u-clearfix u-sheet u-valign-middle-lg u-valign-middle-md u-valign-middle-sm u-valign-middle-xl u-sheet-1\">\n        <h2 class=\"u-text u-text-default u-text-1\">Cookies<\/h2>\n        <div class=\"u-clearfix u-expanded-width u-layout-wrap u-layout-wrap-1\">\n          <div class=\"u-layout\">\n            <div class=\"u-layout-row\">\n              <div class=\"u-container-style u-layout-cell u-left-cell u-size-20 u-layout-cell-1\">\n                <div class=\"u-container-layout u-container-layout-1\">\n                  <p class=\"u-text u-text-default u-text-2\">For at f\u00e5 denne hjemmeside til at fungere bedst muligt l\u00e6gger vi sommetider sm\u00e5 datafiler, s\u00e5kaldte cookies, p\u00e5 din computer. Det g\u00f8r de fleste hjemmesider. Der er ingen personlige oplysninger gemt i vores cookies og de kan ikke indeholde virus.<br>\n                    <br>En cookie er en lille tekstfil, som hjemmesiden gemmer p\u00e5 din computer eller dit mobiludstyr, n\u00e5r du bes\u00f8ger siden. P\u00e5 den m\u00e5de kan siden huske dine handlinger og indstillinger (s\u00e5som oplysninger p\u00e5 formular) i en vis periode, s\u00e5 du nemt kan udfylde eksempelvis formularen igen.&nbsp;<br>\n                  <\/p>\n                <\/div>\n              <\/div>\n              <div class=\"u-container-style u-layout-cell u-size-20 u-layout-cell-2\">\n                <div class=\"u-container-layout u-container-layout-2\">\n                  <p class=\"u-text u-text-default u-text-3\">En r\u00e6kke af vores sider bruger cookies til at huske:&nbsp;<br>- hvor vidt du tidligere har bestilt fra vores online shop.<br>- hvor vidt du har accepteret vores brug af cookies p\u00e5 siden eller ej<br>\n                    <br>De oplysninger, der indhentes med cookies, bruges ikke til at identificere dig personligt, og vi har fuld kontrol over datam\u00f8nstrene. Vores cookies anvendes ikke til andre form\u00e5l end de, der er beskrevet her.&nbsp;<br>\n                    <br>Hjemmesiden bruger cookies fra Google Analytics til at m\u00e5le trafikken inde p\u00e5 websitet, og til hele tiden at give os informationer om, hvordan vi kan lave en mere brugerorienteret side.<br>\n                  <\/p>\n                <\/div>\n              <\/div>\n              <div class=\"u-container-style u-layout-cell u-right-cell u-size-20 u-layout-cell-3\">\n                <div class=\"u-container-layout u-container-layout-3\">\n                  <p class=\"u-text u-text-default u-text-4\">Du kan frav\u00e6lge cookies fra Google Analytics her:&nbsp;<a href=\"http:\/\/tools.google.com\/dlpage\/gaoptout\" class=\"u-active-none u-border-none u-btn u-button-style u-hover-none u-none u-text-palette-1-base u-btn-1\">http:\/\/tools.google.com\/dlpage\/gaoptout<\/a>\n                    <br>\n                    <br>Du kan kontrollere og\/eller slette cookies, som du vil \u2013 l\u00e6s mere p\u00e5&nbsp;<a href=\"https:\/\/www.aboutcookies.org\/\" class=\"u-active-none u-border-none u-btn u-button-style u-hover-none u-none u-text-palette-1-base u-btn-2\">https:\/\/www.aboutcookies.org<\/a>\n                    <br>\n                    <br>Du kan slette alle de cookies, der allerede er p\u00e5 din computer, og indstille de fleste browsere til at forhindre dem i at blive lagt p\u00e5 computeren. Hvis du g\u00f8r dette, skal du dog muligvis selv tilpasse dine indstillinger manuelt, hver gang du bes\u00f8ger en hjemmeside, og visse tjenester og funktioner vil muligvis ikke fungere.<br>\n                    <br>farveogstil.dk kan sagtens fungere uden brug af cookies,&nbsp;men de vil give dig en bedre oplevelse, n\u00e5r du bruger siden.<br>\n                  <\/p>\n                <\/div>\n              <\/div>\n            <\/div>\n          <\/div>\n        <\/div>\n      <\/div>\n    <\/section>\n    \n    \n  \n","protected":false},"excerpt":{"rendered":"<p>Privatlivspolitik N\u00e5r du er kunde hos Farve og Stil, h\u00e5ndterer vi oplysninger om din person. Vi h\u00e5ndterer dit navn, adresse, telefonnummer og mail.&nbsp;Ovenst\u00e5ende data er ikke under kategorien \u201dpersonf\u00f8lsomme data\u201d, men betegnes som \u201dlegitim interesse\u201d for vores samarbejde.&nbsp; Oplysningerne bruges udelukkende til opfyldelse af vores kunde\/butik relation. Oplysningerne gives ikke videre til tredje part, men &hellip; <a href=\"https:\/\/www.farveogstil.dk\/index.php\/privatlivspoltik-og-cookies\/\" class=\"more-link\">Continue reading<span class=\"screen-reader-text\"> &#8220;Privatlivspoltik og cookies&#8221;<\/span><\/a><\/p>\n","protected":false},"author":1,"featured_media":0,"parent":0,"menu_order":0,"comment_status":"closed","ping_status":"closed","template":"","meta":{"footnotes":""},"class_list":["post-374","page","type-page","status-publish","hentry"],"_links":{"self":[{"href":"https:\/\/www.farveogstil.dk\/index.php\/wp-json\/wp\/v2\/pages\/374","targetHints":{"allow":["GET"]}}],"collection":[{"href":"https:\/\/www.farveogstil.dk\/index.php\/wp-json\/wp\/v2\/pages"}],"about":[{"href":"https:\/\/www.farveogstil.dk\/index.php\/wp-json\/wp\/v2\/types\/page"}],"author":[{"embeddable":true,"href":"https:\/\/www.farveogstil.dk\/index.php\/wp-json\/wp\/v2\/users\/1"}],"replies":[{"embeddable":true,"href":"https:\/\/www.farveogstil.dk\/index.php\/wp-json\/wp\/v2\/comments?post=374"}],"version-history":[{"count":4,"href":"https:\/\/www.farveogstil.dk\/index.php\/wp-json\/wp\/v2\/pages\/374\/revisions"}],"predecessor-version":[{"id":388,"href":"https:\/\/www.farveogstil.dk\/index.php\/wp-json\/wp\/v2\/pages\/374\/revisions\/388"}],"wp:attachment":[{"href":"https:\/\/www.farveogstil.dk\/index.php\/wp-json\/wp\/v2\/media?parent=374"}],"curies":[{"name":"wp","href":"https:\/\/api.w.org\/{rel}","templated":true}]}}