{"id":135,"date":"2020-11-12T17:24:23","date_gmt":"2020-11-12T17:24:23","guid":{"rendered":"https:\/\/www.farveogstil.dk\/index.php\/om-mig\/"},"modified":"2023-03-13T13:15:25","modified_gmt":"2023-03-13T12:15:25","slug":"om-mig","status":"publish","type":"page","link":"https:\/\/www.farveogstil.dk\/index.php\/om-mig\/","title":{"rendered":"Om mig"},"content":{"rendered":"\n    \n    <section class=\"u-clearfix u-image u-section-2\" id=\"carousel_9606\" style=\"background-image: url(&quot;https:\/\/www.farveogstil.dk\/wp-content\/uploads\/2020\/11\/e4-1.jpg&quot;);\">\n      <div class=\"u-clearfix u-layout-wrap u-layout-wrap-1\">\n        <div class=\"u-layout\">\n          <div class=\"u-layout-row\">\n            <div class=\"u-container-style u-layout-cell u-left-cell u-size-22 u-layout-cell-1\">\n              <div class=\"u-container-layout u-container-layout-1\">\n                <h5 class=\"u-align-left u-text u-text-default u-text-1\">Om mig<\/h5>\n                <h1 class=\"u-custom-font u-font-roboto-condensed u-text u-text-custom-color-1 u-title u-text-2\">solidt kendskab til farver, stil og materialer<\/h1>\n                <p class=\"u-text u-text-3\">Charlotte S\u00f8borg, BA i tekstildesign, -h\u00e5ndv\u00e6rk og formidling. Senest uddannet i det engelske koncept colour me beautiful.<\/p>\n              <\/div>\n            <\/div>\n            <div class=\"u-align-center u-container-style u-image u-layout-cell u-right-cell u-size-38 u-image-1\" style=\"background-image: url(&quot;https:\/\/www.farveogstil.dk\/wp-content\/uploads\/2020\/11\/p.154A-HR_1.jpg&quot;);\">\n              <div class=\"u-container-layout u-container-layout-2\"><\/div>\n            <\/div>\n          <\/div>\n        <\/div>\n      <\/div>\n    <\/section>\n    <section class=\"u-clearfix u-valign-middle-xs u-section-3\" id=\"sec-5035\">\n      <div class=\"u-align-left u-container-style u-expanded-width-xs u-group u-palette-1-base u-group-1\">\n        <div class=\"u-container-layout u-valign-top u-container-layout-1\">\n          <img decoding=\"async\" src=\"https:\/\/www.farveogstil.dk\/wp-content\/uploads\/2020\/11\/c-soeborg-underskrift2.png\" alt=\"\" class=\"u-hidden-sm u-hidden-xs u-image u-image-default u-image-1\" data-image-width=\"500\" data-image-height=\"290\">\n        <\/div>\n      <\/div>\n      <img decoding=\"async\" src=\"https:\/\/www.farveogstil.dk\/wp-content\/uploads\/2020\/11\/charlotte-soeborg-2.jpg\" alt=\"\" class=\"u-border-1 u-border-palette-4-base u-image u-image-default u-image-2\" data-image-width=\"500\" data-image-height=\"701\">\n      <div class=\"u-container-style u-group u-shape-rectangle u-group-2\">\n        <div class=\"u-container-layout u-valign-top-md u-valign-top-sm u-valign-top-xs u-container-layout-2\">\n          <h2 class=\"u-text u-text-1\">Farvekonsulent Charlotte S\u00f8borg<\/h2>\n          <p class=\"u-align-left-sm u-align-left-xs u-text u-text-2\">Jeg har en BA i Tekstilt design og -h\u00e5ndv\u00e6rk og formidling fra\nVIA University College, Herning med speciale i v\u00e6v og strik. Gennem denne\nuddannelse har jeg bl.a. f\u00e5et et solidt kendskab til farver, stil og\nmaterialer. Denne viden anvender jeg, n\u00e5r jeg farvetester.&nbsp;<br>\n            <br>I september 2020 blev jeg uddannet Color Me Beautiful-farvekonsulent\naf Birgit Lillelund, Herrup.&nbsp;<br>\n            <br>Colour Me beautiful er Europas f\u00f8rende indenfor personlig\nstyling og det med rette. Systemet er grundigt, logisk og velafpr\u00f8vet.&nbsp;<br>\n            <br>Jeg har altid interesseret mig for farver og kunst. I midten\naf 1980\u2019erne h\u00f8rte jeg f\u00f8rste gang om Colour Me Beautiful. Jeg blev\n\u00f8jeblikkeligt begejstret.\nInteressen for farver holdt sig gennem \u00e5rene og jeg\nblev farvetestet flere gange gennem forskellige systemer. Jeg er vendt tilbage\ntil Colour Me Beautifuls system, og er blevet konsulent der, da det er det\nmest logiske og bedste system. \n          <\/p>\n        <\/div>\n      <\/div>\n    <\/section>\n    <section class=\"u-clearfix u-section-4\" id=\"sec-8f16\">\n      <div class=\"u-align-left u-container-style u-expanded-width-xs u-group u-palette-1-base u-group-1\">\n        <div class=\"u-container-layout u-container-layout-1\"><\/div>\n      <\/div>\n      <img decoding=\"async\" src=\"https:\/\/www.farveogstil.dk\/wp-content\/uploads\/2020\/11\/colour-me-beautiful-1.jpg\" alt=\"\" class=\"u-border-1 u-border-palette-4-base u-image u-image-contain u-image-default u-image-1\" data-image-width=\"700\" data-image-height=\"173\" data-href=\"https:\/\/www.colourmebeautiful.co.uk\" data-target=\"_blank\">\n      <h2 class=\"u-text u-text-1\">Grundigt, logisk og velafpr\u00f8vet<\/h2>\n      <p class=\"u-text u-text-2\">De f\u00f8rste 20 sekunder, de f\u00f8rste 20 ord - det er hvad du f\u00e5r til at give et godt f\u00f8rste h\u00e5ndsindtryk.&nbsp;<br>Ta' en snak med en farve- og stilkonsulent fra Color me beautiful.&nbsp;<br>\n        <br>Color me beautiful er anerkendt som det internationale og f\u00f8rende system indenfor farve, image og stil. Vores konsulenter har \u00e6ndret livet for b\u00e5de m\u00e6nd kvinder i Europa, Afrika og Mellem\u00f8sten i mere en tre \u00e5rtier. Vi er dedikerede til at hj\u00e6lpe uanset k\u00f8n, alder, baggrund og budget, s\u00e5 du f\u00e5r det meste ud af dig selv. Dette er b\u00e5de indenfor farve og make-up vejledning, en fuld stilforandring eller shoppingr\u00e5d. Vores konsulenter vil hj\u00e6pe dig til at finde dit nye \"jeg\".&nbsp;<br>\n      <\/p>\n      <a href=\"https:\/\/www.colourmebeautiful.co.uk\" class=\"u-active-none u-align-right-xs u-border-2 u-border-active-palette-2-dark-1 u-border-hover-palette-4-base u-border-no-left u-border-no-right u-border-no-top u-border-palette-1-base u-btn u-button-style u-hover-none u-none u-text-hover-palette-4-base u-text-palette-1-base u-btn-1\" target=\"_blank\">www.colourmebeautiful.co.uk<\/a>\n    <\/section>\n    <section class=\"u-clearfix u-section-5\" id=\"sec-a042\">\n      <div class=\"u-clearfix u-sheet u-sheet-1\">\n        <div class=\"u-align-center-lg u-align-center-md u-align-center-sm u-align-center-xs u-border-3 u-border-palette-1-base u-container-style u-expanded-width-sm u-expanded-width-xs u-group u-radius-50 u-shape-round u-group-1\">\n          <div class=\"u-container-layout u-valign-middle-lg u-valign-middle-md u-valign-middle-xl u-container-layout-1\">\n            <h3 class=\"u-align-center-lg u-align-center-md u-align-center-xl u-text u-text-1\">Farvemapper og gavekort<\/h3>\n            <a href=\"https:\/\/www.farveogstil.dk\/index.php\/produkter\/\" class=\"u-active-none u-align-right u-border-5 u-border-active-palette-2-dark-1 u-border-custom-color-3 u-border-hover-palette-4-base u-border-no-left u-border-no-right u-border-no-top u-btn u-button-style u-hover-none u-none u-text-active-grey-50 u-text-hover-palette-4-base u-text-palette-1-base u-btn-1\">Se produkter<\/a>\n          <\/div>\n        <\/div>\n        <img decoding=\"async\" src=\"https:\/\/www.farveogstil.dk\/wp-content\/uploads\/2023\/03\/e994e8835583e0a57ae4b712c66196b85075bb9dcdc59a6ed4ea9c4d79c2fab2ab441673655ec442f28881e446f75675cb6440ab58568979676474_1280.jpg\" alt=\"\" class=\"u-align-center-sm u-align-center-xs u-expanded-height-md u-image u-image-contain u-image-default u-image-1\" data-image-width=\"1280\" data-image-height=\"1280\">\n      <\/div>\n    <\/section>\n    \n    \n  \n","protected":false},"excerpt":{"rendered":"<p>Om mig solidt kendskab til farver, stil og materialer Charlotte S\u00f8borg, BA i tekstildesign, -h\u00e5ndv\u00e6rk og formidling. Senest uddannet i det engelske koncept colour me beautiful. Farvekonsulent Charlotte S\u00f8borg Jeg har en BA i Tekstilt design og -h\u00e5ndv\u00e6rk og formidling fra VIA University College, Herning med speciale i v\u00e6v og strik. Gennem denne uddannelse har &hellip; <a href=\"https:\/\/www.farveogstil.dk\/index.php\/om-mig\/\" class=\"more-link\">Continue reading<span class=\"screen-reader-text\"> &#8220;Om mig&#8221;<\/span><\/a><\/p>\n","protected":false},"author":1,"featured_media":0,"parent":0,"menu_order":6,"comment_status":"closed","ping_status":"closed","template":"","meta":{"footnotes":""},"class_list":["post-135","page","type-page","status-publish","hentry"],"_links":{"self":[{"href":"https:\/\/www.farveogstil.dk\/index.php\/wp-json\/wp\/v2\/pages\/135","targetHints":{"allow":["GET"]}}],"collection":[{"href":"https:\/\/www.farveogstil.dk\/index.php\/wp-json\/wp\/v2\/pages"}],"about":[{"href":"https:\/\/www.farveogstil.dk\/index.php\/wp-json\/wp\/v2\/types\/page"}],"author":[{"embeddable":true,"href":"https:\/\/www.farveogstil.dk\/index.php\/wp-json\/wp\/v2\/users\/1"}],"replies":[{"embeddable":true,"href":"https:\/\/www.farveogstil.dk\/index.php\/wp-json\/wp\/v2\/comments?post=135"}],"version-history":[{"count":7,"href":"https:\/\/www.farveogstil.dk\/index.php\/wp-json\/wp\/v2\/pages\/135\/revisions"}],"predecessor-version":[{"id":641,"href":"https:\/\/www.farveogstil.dk\/index.php\/wp-json\/wp\/v2\/pages\/135\/revisions\/641"}],"wp:attachment":[{"href":"https:\/\/www.farveogstil.dk\/index.php\/wp-json\/wp\/v2\/media?parent=135"}],"curies":[{"name":"wp","href":"https:\/\/api.w.org\/{rel}","templated":true}]}}