{"id":134,"date":"2020-11-12T17:24:22","date_gmt":"2020-11-12T17:24:22","guid":{"rendered":"https:\/\/www.farveogstil.dk\/index.php\/find-dine-farver\/"},"modified":"2023-03-13T13:14:02","modified_gmt":"2023-03-13T12:14:02","slug":"find-dine-farver","status":"publish","type":"page","link":"https:\/\/www.farveogstil.dk\/index.php\/find-dine-farver\/","title":{"rendered":"Find dine farver"},"content":{"rendered":"\n    \n    <section class=\"u-clearfix u-image u-section-2\" id=\"carousel_9606\" style=\"background-image: url(&quot;https:\/\/www.farveogstil.dk\/wp-content\/uploads\/2020\/11\/e4-1.jpg&quot;);\">\n      <div class=\"u-clearfix u-layout-wrap u-layout-wrap-1\">\n        <div class=\"u-layout\">\n          <div class=\"u-layout-row\">\n            <div class=\"u-container-style u-layout-cell u-left-cell u-size-22-lg u-size-22-xl u-size-27-md u-size-27-sm u-size-27-xs u-layout-cell-1\">\n              <div class=\"u-container-layout u-container-layout-1\">\n                <h5 class=\"u-text u-text-1\">find dine farveR<\/h5>\n                <h1 class=\"u-custom-font u-font-roboto-condensed u-text u-text-custom-color-1 u-title u-text-2\">l\u00e6kkerhedsl\u00f8ft<\/h1>\n                <p class=\"u-text u-text-3\">Med en\nfarve- og stiltest undg\u00e5r du fejlk\u00f8b og dermed at belaste milj\u00f8et og din\n\u00f8konomi. Du kommer til at f\u00e5 en garderobe, hvor de enkelte dele passer sammen.\nDu vil opleve et l\u00e6kkerhedsl\u00f8ft og kommer til at se slankere, yngre og sundere\nud.<\/p>\n              <\/div>\n            <\/div>\n            <div class=\"u-align-center u-container-style u-image u-layout-cell u-right-cell u-size-33-md u-size-33-sm u-size-33-xs u-size-38-lg u-size-38-xl u-image-1\" style=\"background-image: url(&quot;https:\/\/www.farveogstil.dk\/wp-content\/uploads\/2020\/11\/torklaeder-farver-2.jpg&quot;);\">\n              <div class=\"u-container-layout u-container-layout-2\"><\/div>\n            <\/div>\n          <\/div>\n        <\/div>\n      <\/div>\n    <\/section>\n    <section class=\"u-clearfix u-section-3\" id=\"sec-53ee\">\n      <div class=\"u-clearfix u-sheet u-sheet-1\">\n        <div class=\"u-container-style u-group u-palette-1-base u-group-1\">\n          <div class=\"u-container-layout u-container-layout-1\"><\/div>\n        <\/div>\n        <img decoding=\"async\" src=\"https:\/\/www.farveogstil.dk\/wp-content\/uploads\/2020\/11\/p.40-HR-red-1.jpg\" alt=\"\" class=\"u-border-1 u-border-palette-4-base u-image u-image-default u-image-1\" data-image-width=\"438\" data-image-height=\"822\">\n        <h2 class=\"u-text u-text-1\">Farvetest<\/h2>\n        <p class=\"u-text u-text-2\">Ved en kvik farvetest bliver du testet p\u00e5 det f\u00f8rste af i alt 3 niveauer: Jeg finder din hoveddominans \u2013 om du er LIGHT, DEEP, WARM, COOL, SOFT eller CLEAR. Hoveddominansen har en pallet med 30 farver.&nbsp;Du bliver testet foran et spejl med stofstykker p\u00e5 brystet i forskellige farver og nuancer. Den rigtige farve g\u00f8r, at der kommer ro og harmoni i dit ansigt \u2013 den blander sig med dine egne farver og f\u00e5r dig til at se frisk og k\u00f8n ud.&nbsp;<br>\n          <br>Hvis du vil have en fuld farvetest, bliver du testet p\u00e5 endnu to niveauer. En fuld farvetest har i alt 42 farver. Farverne er delt op i to kategorier: Neutrale farver og modefarver. Dine neutrale farver er farver, som kan bruges til store ting \u2013 en vinterfrakke, et jakkes\u00e6t, sko eller tasker. Dine modefarver er farver, som kan bruges til at live de neutrale farver op og vise din personlighed eller hum\u00f8r. Vi kommer ogs\u00e5 ind p\u00e5 hvordan du kan kombinere dine farver.&nbsp;<br>\n          <br>Du kan k\u00f8be en mappe, hvor der er stofpr\u00f8ver af alle dine farver.&nbsp;<br>\n          <br>Priser fra 750,- - <a href=\"https:\/\/www.farveogstil.dk\/index.php\/vare-kategori\/farvetester\/\" class=\"u-active-none u-border-none u-btn u-button-link u-button-style u-hover-none u-none u-text-palette-1-base u-btn-1\">se produkter<\/a>\n        <\/p>\n        <a href=\"mailto:info@farveogstil.dk?subject=Kontakt%20fra%20hjemmeside\" class=\"u-btn u-button-style u-hover-palette-4-base u-palette-1-base u-btn-2\">kontakt nu<\/a>\n      <\/div>\n    <\/section>\n    <section class=\"u-clearfix u-section-4\" id=\"carousel_f7e3\">\n      <div class=\"u-clearfix u-sheet u-sheet-1\">\n        <div class=\"u-container-style u-group u-palette-1-base u-group-1\">\n          <div class=\"u-container-layout u-container-layout-1\"><\/div>\n        <\/div>\n        <img decoding=\"async\" src=\"https:\/\/www.farveogstil.dk\/wp-content\/uploads\/2020\/11\/image_eyes-red-1.jpg\" alt=\"\" class=\"u-border-1 u-border-palette-4-base u-image u-image-default u-image-1\" data-image-width=\"600\" data-image-height=\"343\">\n        <h2 class=\"u-text u-text-1\">Make up vejledning<\/h2>\n        <p class=\"u-text u-text-2\">Kender du allerede dine farver, kan jeg l\u00e6gge en naturlig makeup p\u00e5 dig. Den hj\u00e6lper dine egne farver med at str\u00e5le, s\u00e5 du ser endnu bedre ud.&nbsp;<br>\n          <br>Der er stor forskel p\u00e5 ingen makeup at have p\u00e5 og s\u00e5 bare at have lidt. Det lidt har en kolossal betydning. M\u00e5ske er du ikke vandt til at bruge makeup. Start i det sm\u00e5 - evt. eyeliner og\/eller mascara og f\u00f8l forskellen.&nbsp;<br>\n          <br>Du kan k\u00f8be et makeupkort med stofpr\u00f8ver af dine makeupfarver i de helt rigtige farver af mig.<br>\n          <br>Priser fra 750,- - <a href=\"https:\/\/www.farveogstil.dk\/index.php\/vare-kategori\/farvetester\/\" class=\"u-active-none u-border-none u-btn u-button-link u-button-style u-hover-none u-none u-text-palette-1-base u-btn-1\">se produkter<\/a>\n        <\/p>\n        <a href=\"mailto:info@farveogstil.dk?subject=kontakt%20fra%20hjemmeside\" class=\"u-btn u-button-style u-hover-palette-4-base u-palette-1-base u-btn-2\">Kontakt nu<\/a>\n      <\/div>\n    <\/section>\n    <section class=\"u-clearfix u-section-5\" id=\"sec-a042\">\n      <div class=\"u-clearfix u-sheet u-sheet-1\">\n        <div class=\"u-align-center-lg u-align-center-md u-align-center-sm u-align-center-xs u-border-3 u-border-palette-1-base u-container-style u-expanded-width-sm u-expanded-width-xs u-group u-radius-50 u-shape-round u-group-1\">\n          <div class=\"u-container-layout u-valign-middle-lg u-valign-middle-md u-valign-middle-xl u-container-layout-1\">\n            <h3 class=\"u-align-center-lg u-align-center-md u-align-center-xl u-text u-text-1\">Farvemapper og gavekort<\/h3>\n            <a href=\"https:\/\/www.farveogstil.dk\/index.php\/produkter\/\" class=\"u-active-none u-align-right u-border-5 u-border-active-palette-2-dark-1 u-border-hover-palette-4-base u-border-no-left u-border-no-right u-border-no-top u-border-palette-1-base u-btn u-button-style u-hover-none u-none u-text-active-grey-50 u-text-hover-palette-4-base u-text-palette-1-base u-btn-1\">Se produkter<\/a>\n          <\/div>\n        <\/div>\n        <img decoding=\"async\" src=\"https:\/\/www.farveogstil.dk\/wp-content\/uploads\/2023\/03\/e994e8835583e0a57ae4b712c66196b85075bb9dcdc59a6ed4ea9c4d79c2fab2ab441673655ec442f28881e446f75675cb6440ab58568979676474_1280.jpg\" alt=\"\" class=\"u-align-center-sm u-align-center-xs u-expanded-height-md u-image u-image-contain u-image-default u-image-1\" data-image-width=\"1280\" data-image-height=\"1280\">\n      <\/div>\n    <\/section>\n    <section class=\"u-align-center u-clearfix u-palette-1-base u-section-6\" id=\"sec-8ca5\">\n      <div class=\"u-clearfix u-sheet u-sheet-1\">\n        <a href=\"https:\/\/www.farveogstil.dk\/index.php\/inspiration\/\" class=\"u-active-none u-align-right u-border-5 u-border-active-palette-4-base u-border-custom-color-3 u-border-hover-palette-4-base u-border-no-left u-border-no-right u-border-no-top u-btn u-button-style u-hover-none u-none u-text-active-palette-4-base u-text-hover-palette-4-base u-text-white u-btn-1\" data-animation-name=\"fadeIn\" data-animation-duration=\"1000\" data-animation-delay=\"0\" data-animation-direction=\"\">Se flere billeder<\/a>\n        <div class=\"u-expanded-width u-list u-list-1\">\n          <div class=\"u-repeater u-repeater-1\">\n            <div class=\"u-container-style u-list-item u-repeater-item u-shape-rectangle u-video-cover\">\n              <div class=\"u-container-layout u-similar-container u-valign-top u-container-layout-1\">\n                <img decoding=\"async\" alt=\"\" class=\"u-expanded-width u-image u-image-contain u-image-default u-image-1\" src=\"https:\/\/www.farveogstil.dk\/wp-content\/uploads\/2020\/11\/inspiration02.png\">\n                <p class=\"u-align-center u-text u-text-1\">.<br>\n                <\/p>\n              <\/div>\n            <\/div>\n            <div class=\"u-container-style u-list-item u-repeater-item u-shape-rectangle\">\n              <div class=\"u-container-layout u-similar-container u-valign-top u-container-layout-2\">\n                <img decoding=\"async\" alt=\"\" class=\"u-expanded-width u-image u-image-default u-image-2\" data-image-width=\"937\" data-image-height=\"786\" src=\"https:\/\/www.farveogstil.dk\/wp-content\/uploads\/2021\/06\/Yellowcombos.jpg\">\n                <p class=\"u-align-center u-text u-text-2\">Farvekombinationer med gul.<br>\n                <\/p>\n              <\/div>\n            <\/div>\n            <div class=\"u-container-style u-list-item u-repeater-item u-shape-rectangle\">\n              <div class=\"u-container-layout u-similar-container u-valign-top u-container-layout-3\">\n                <img decoding=\"async\" alt=\"\" class=\"u-expanded-width u-image u-image-default u-image-3\" data-image-width=\"573\" data-image-height=\"822\" src=\"https:\/\/www.farveogstil.dk\/wp-content\/uploads\/2020\/11\/p.49A-HR-red-1.jpg\">\n                <p class=\"u-align-center u-text u-text-3\">En LIGHT i PALE PINK.<br>\n                <\/p>\n              <\/div>\n            <\/div>\n            <div class=\"u-container-style u-list-item u-repeater-item u-shape-rectangle\">\n              <div class=\"u-container-layout u-similar-container u-valign-top u-container-layout-4\">\n                <img decoding=\"async\" alt=\"\" class=\"u-expanded-width u-image u-image-default u-image-4\" data-image-width=\"572\" data-image-height=\"480\" src=\"https:\/\/www.farveogstil.dk\/wp-content\/uploads\/2021\/06\/NationalOliveDayRect.jpg\">\n                <p class=\"u-align-center u-text u-text-4\">Olivengr\u00f8nne kombinationer<br>\n                <\/p>\n              <\/div>\n            <\/div>\n            <div class=\"u-container-style u-list-item u-repeater-item u-shape-rectangle\">\n              <div class=\"u-container-layout u-similar-container u-valign-top u-container-layout-5\">\n                <img decoding=\"async\" alt=\"\" class=\"u-expanded-width u-image u-image-default u-image-5\" data-image-width=\"938\" data-image-height=\"786\" src=\"https:\/\/www.farveogstil.dk\/wp-content\/uploads\/2021\/06\/ColourCombosSp21.jpg\">\n                <p class=\"u-align-center u-text u-text-5\">Kombinationer med farven SKY BLUE.<br>\n                <\/p>\n              <\/div>\n            <\/div>\n            <div class=\"u-container-style u-list-item u-repeater-item u-shape-rectangle\">\n              <div class=\"u-container-layout u-similar-container u-valign-top u-container-layout-6\">\n                <img decoding=\"async\" alt=\"\" class=\"u-expanded-width u-image u-image-default u-image-6\" data-image-width=\"800\" data-image-height=\"842\" src=\"https:\/\/www.farveogstil.dk\/wp-content\/uploads\/2020\/11\/4-kvinder-1.jpg\">\n                <p class=\"u-align-center u-text u-text-6\">En COOL, en WARM, en DEEP og en CLEAR. Hvilken type er du?<br>\n                <\/p>\n              <\/div>\n            <\/div>\n          <\/div>\n        <\/div>\n        <a href=\"https:\/\/www.farveogstil.dk\/index.php\/inspiration\/\" class=\"u-active-none u-align-right u-border-5 u-border-active-palette-4-base u-border-custom-color-3 u-border-hover-palette-4-base u-border-no-left u-border-no-right u-border-no-top u-btn u-button-style u-hover-none u-none u-text-active-palette-4-base u-text-hover-palette-4-base u-text-white u-btn-2\" data-animation-name=\"fadeIn\" data-animation-duration=\"1000\" data-animation-delay=\"0\" data-animation-direction=\"\">Se flere billeder<\/a>\n      <\/div>\n    <\/section>\n    \n    \n  \n","protected":false},"excerpt":{"rendered":"<p>find dine farveR l\u00e6kkerhedsl\u00f8ft Med en farve- og stiltest undg\u00e5r du fejlk\u00f8b og dermed at belaste milj\u00f8et og din \u00f8konomi. Du kommer til at f\u00e5 en garderobe, hvor de enkelte dele passer sammen. Du vil opleve et l\u00e6kkerhedsl\u00f8ft og kommer til at se slankere, yngre og sundere ud. Farvetest Ved en kvik farvetest bliver du &hellip; <a href=\"https:\/\/www.farveogstil.dk\/index.php\/find-dine-farver\/\" class=\"more-link\">Continue reading<span class=\"screen-reader-text\"> &#8220;Find dine farver&#8221;<\/span><\/a><\/p>\n","protected":false},"author":1,"featured_media":0,"parent":0,"menu_order":5,"comment_status":"closed","ping_status":"closed","template":"","meta":{"footnotes":""},"class_list":["post-134","page","type-page","status-publish","hentry"],"_links":{"self":[{"href":"https:\/\/www.farveogstil.dk\/index.php\/wp-json\/wp\/v2\/pages\/134","targetHints":{"allow":["GET"]}}],"collection":[{"href":"https:\/\/www.farveogstil.dk\/index.php\/wp-json\/wp\/v2\/pages"}],"about":[{"href":"https:\/\/www.farveogstil.dk\/index.php\/wp-json\/wp\/v2\/types\/page"}],"author":[{"embeddable":true,"href":"https:\/\/www.farveogstil.dk\/index.php\/wp-json\/wp\/v2\/users\/1"}],"replies":[{"embeddable":true,"href":"https:\/\/www.farveogstil.dk\/index.php\/wp-json\/wp\/v2\/comments?post=134"}],"version-history":[{"count":12,"href":"https:\/\/www.farveogstil.dk\/index.php\/wp-json\/wp\/v2\/pages\/134\/revisions"}],"predecessor-version":[{"id":640,"href":"https:\/\/www.farveogstil.dk\/index.php\/wp-json\/wp\/v2\/pages\/134\/revisions\/640"}],"wp:attachment":[{"href":"https:\/\/www.farveogstil.dk\/index.php\/wp-json\/wp\/v2\/media?parent=134"}],"curies":[{"name":"wp","href":"https:\/\/api.w.org\/{rel}","templated":true}]}}