{"id":133,"date":"2020-11-12T17:24:21","date_gmt":"2020-11-12T17:24:21","guid":{"rendered":"https:\/\/www.farveogstil.dk\/index.php\/forside\/"},"modified":"2023-03-13T10:40:37","modified_gmt":"2023-03-13T09:40:37","slug":"forside","status":"publish","type":"page","link":"https:\/\/www.farveogstil.dk\/","title":{"rendered":"Velkommen"},"content":{"rendered":"\n    \n    <section class=\"u-clearfix u-image u-section-2\" id=\"carousel_9606\" style=\"background-image: url(&quot;https:\/\/www.farveogstil.dk\/wp-content\/uploads\/2020\/11\/e4-1.jpg&quot;);\">\n      <div class=\"u-clearfix u-layout-wrap u-layout-wrap-1\">\n        <div class=\"u-layout\">\n          <div class=\"u-layout-row\">\n            <div class=\"u-container-style u-layout-cell u-left-cell u-size-22 u-layout-cell-1\">\n              <div class=\"u-container-layout u-valign-middle u-container-layout-1\">\n                <h1 class=\"u-custom-font u-font-roboto-condensed u-text u-text-custom-color-1 u-title u-text-1\">F\u00e5 en farve- og stiltest<\/h1>\n                <ul class=\"u-align-left u-text u-text-2\">\n                  <li> Du kommer til at f\u00e5 en garderobe, der fungerer <\/li>\n                  <li><!--[endif]-->Du oplever et l\u00e6kkerhedsl\u00f8ft og kommer til at se\nslankere, yngre og sundere ud <\/li>\n                  <li><!--[endif]-->Fejlk\u00f8b belaster \u00f8konomien og milj\u00f8et <\/li>\n                  <li><!--[endif]-->Der findes andre farver end sort <\/li>\n                <\/ul>\n                <a href=\"https:\/\/www.farveogstil.dk\/index.php\/find-dine-farver\/\" class=\"u-btn u-btn-rectangle u-button-style u-custom-font u-font-oswald u-hover-palette-4-base u-palette-1-dark-2 u-radius-0 u-btn-1\">l\u00e6s mere<\/a>\n              <\/div>\n            <\/div>\n            <div class=\"u-align-center u-container-style u-image u-layout-cell u-right-cell u-size-38 u-image-1\" style=\"background-image: url(&quot;https:\/\/www.farveogstil.dk\/wp-content\/uploads\/2020\/11\/tojstativ-1.jpg&quot;);\">\n              <div class=\"u-container-layout u-container-layout-2\"><\/div>\n            <\/div>\n          <\/div>\n        <\/div>\n      <\/div>\n    <\/section>\n    <section class=\"u-align-center u-clearfix u-section-3\" id=\"carousel_0a9e\">\n      <div class=\"u-clearfix u-sheet u-sheet-1\">\n        <div class=\"u-clearfix u-gutter-50 u-layout-wrap u-layout-wrap-1\">\n          <div class=\"u-layout\">\n            <div class=\"u-layout-row\">\n              <div class=\"u-container-style u-hidden-sm u-hidden-xs u-layout-cell u-left-cell u-palette-1-base u-size-20 u-layout-cell-1\">\n                <div class=\"u-container-layout u-container-layout-1\"><\/div>\n              <\/div>\n              <div class=\"u-container-style u-hidden-sm u-hidden-xs u-layout-cell u-palette-1-base u-size-20 u-layout-cell-2\">\n                <div class=\"u-container-layout u-container-layout-2\"><\/div>\n              <\/div>\n              <div class=\"u-container-style u-hidden-sm u-hidden-xs u-layout-cell u-palette-1-base u-right-cell u-size-20 u-layout-cell-3\">\n                <div class=\"u-container-layout u-container-layout-3\"><\/div>\n              <\/div>\n            <\/div>\n          <\/div>\n        <\/div>\n        <div class=\"u-clearfix u-expanded-width-sm u-expanded-width-xs u-gutter-50 u-layout-wrap u-layout-wrap-2\">\n          <div class=\"u-layout\">\n            <div class=\"u-layout-row\">\n              <div class=\"u-container-style u-layout-cell u-left-cell u-shape-rectangle u-size-20 u-layout-cell-4\">\n                <div class=\"u-container-layout u-container-layout-4\">\n                  <img decoding=\"async\" src=\"https:\/\/www.farveogstil.dk\/wp-content\/uploads\/2020\/11\/p.40-HR-red-1.jpg\" alt=\"\" class=\"u-border-1 u-border-palette-4-base u-expanded-width u-image u-image-default u-image-1\" data-image-width=\"438\" data-image-height=\"822\">\n                  <h2 class=\"u-text u-text-1\">Farvetest<\/h2>\n                  <p class=\"u-text u-text-2\">Er du LIGHT (lys), DEEP (dyb), WARM (varm), COOL (kold), SOFT (bl\u00f8d\/d\u00e6mpet) eller CLEAR (klar)?&nbsp;F\u00e5 en farvetest. <b>Fra 750 kr.<\/b>\n                  <\/p>\n                  <a href=\"https:\/\/www.farveogstil.dk\/index.php\/find-dine-farver\/\" class=\"u-active-none u-border-2 u-border-active-palette-2-dark-1 u-border-hover-palette-2-base u-border-no-left u-border-no-right u-border-no-top u-border-palette-1-base u-btn u-button-style u-hover-none u-none u-text-hover-palette-2-base u-text-palette-1-base u-btn-1\">L\u00e6s mere<\/a>\n                <\/div>\n              <\/div>\n              <div class=\"u-container-style u-layout-cell u-shape-rectangle u-size-20 u-layout-cell-5\">\n                <div class=\"u-container-layout u-valign-top-sm u-valign-top-xs u-container-layout-5\">\n                  <img decoding=\"async\" src=\"https:\/\/www.farveogstil.dk\/wp-content\/uploads\/2020\/11\/image_eyes-red-1.jpg\" alt=\"\" class=\"u-border-1 u-border-palette-4-base u-expanded-width u-image u-image-default u-image-2\" data-image-width=\"600\" data-image-height=\"343\">\n                  <h2 class=\"u-text u-text-3\">Make-up vejledning<\/h2>\n                  <p class=\"u-text u-text-4\">Hvis du allerede har f\u00e5et en farvetest og kender dine farver, kan du f\u00e5 makeup-vejledning og k\u00f8be produkter. <b>Fra 750 kr.<\/b>\n                  <\/p>\n                  <a href=\"https:\/\/www.farveogstil.dk\/index.php\/find-dine-farver\/\" class=\"u-active-none u-border-2 u-border-active-palette-2-dark-1 u-border-hover-palette-2-base u-border-no-left u-border-no-right u-border-no-top u-border-palette-1-base u-btn u-button-style u-hover-none u-none u-text-hover-palette-2-base u-text-palette-1-base u-btn-2\">L\u00e6s mere<\/a>\n                <\/div>\n              <\/div>\n              <div class=\"u-container-style u-layout-cell u-right-cell u-shape-rectangle u-size-20 u-layout-cell-6\">\n                <div class=\"u-container-layout u-container-layout-6\">\n                  <img decoding=\"async\" src=\"https:\/\/www.farveogstil.dk\/wp-content\/uploads\/2020\/11\/p.24-HR-red-1.jpg\" alt=\"\" class=\"u-border-1 u-border-palette-4-base u-expanded-width u-image u-image-default u-image-3\" data-image-width=\"822\" data-image-height=\"471\">\n                  <h2 class=\"u-text u-text-5\">Stilpersonlighed<\/h2>\n                  <p class=\"u-text u-text-6\">Kender du din stilpersonlighed? Er du en naturlig, klassisk, romantisk, dramatisk, kreativ eller citychick\/international type? <b>Fra 750 kr.<\/b>\n                  <\/p>\n                  <a href=\"https:\/\/www.farveogstil.dk\/index.php\/find-din-stil\/\" class=\"u-active-none u-border-2 u-border-active-palette-2-dark-1 u-border-hover-palette-2-base u-border-no-left u-border-no-right u-border-no-top u-border-palette-1-base u-btn u-button-style u-hover-none u-none u-text-hover-palette-2-base u-text-palette-1-base u-btn-3\">L\u00e6s mere<\/a>\n                <\/div>\n              <\/div>\n            <\/div>\n          <\/div>\n        <\/div>\n      <\/div>\n    <\/section>\n    <section class=\"u-clearfix u-section-4\" id=\"sec-5035\">\n      <div class=\"u-align-left u-container-style u-expanded-width-xs u-group u-palette-1-base u-group-1\">\n        <div class=\"u-container-layout u-valign-middle u-container-layout-1\">\n          <img decoding=\"async\" src=\"https:\/\/www.farveogstil.dk\/wp-content\/uploads\/2020\/11\/c-soeborg-underskrift2.png\" alt=\"\" class=\"u-align-right u-hidden-xs u-image u-image-default u-image-1\">\n        <\/div>\n      <\/div>\n      <img decoding=\"async\" src=\"https:\/\/www.farveogstil.dk\/wp-content\/uploads\/2020\/11\/charlotte-soeborg-2.jpg\" alt=\"\" class=\"u-border-1 u-border-palette-4-base u-image u-image-default u-image-2\">\n      <div class=\"u-container-style u-group u-shape-rectangle u-group-2\">\n        <div class=\"u-container-layout u-valign-top-md u-valign-top-sm u-valign-top-xs u-container-layout-2\">\n          <h2 class=\"u-align-left-sm u-align-left-xs u-text u-text-1\">En farverig forandring<\/h2>\n          <p class=\"u-align-left-sm u-align-left-xs u-text u-text-2\">Farver og kunst har altid interesseret mig. Med min faglige baggrund fra en BA i tekstilt design og tekstilt h\u00e5ndv\u00e6rk og formidling samt min seneste uddannelse som farve-og stilkonsulent af Colour Me Beautiful konceptet har uddannelse og interesse smeltet sig sammen.&nbsp;<br>\n            <br>Denne farverige forandring vil jeg gerne formidle videre til m\u00e6nd, kvinder, unge som gamle, s\u00e5 vi alle kan f\u00e5 det meste ud af os selv. \n          <\/p>\n          <img decoding=\"async\" src=\"https:\/\/www.farveogstil.dk\/wp-content\/uploads\/2020\/11\/colour-me-beautiful-1.jpg\" alt=\"\" class=\"u-expanded-width-md u-image u-image-contain u-image-default u-image-3\" data-image-width=\"700\" data-image-height=\"173\" data-href=\"https:\/\/www.colourmebeautiful.co.uk\" data-target=\"_blank\">\n          <p class=\"u-text u-text-3\">Kontakt mig nu:<\/p>\n          <p class=\"u-text u-text-4\">Tlf.: <b>\n              <a href=\"tel:+4522780055\" class=\"u-border-active-palette-1-dark-2 u-border-hover-palette-4-base u-border-no-left u-border-no-right u-border-no-top u-btn u-button-link u-button-style u-text-active-palette-1-dark-2 u-text-hover-palette-4-base u-text-palette-1-base u-btn-1\">2278 0055<\/a>&nbsp;<\/b>eller <b>\n              <a href=\"mailto:info@farveogstil.dk?subject=Henvendelse%20fra%20hjemmeside\" class=\"u-border-active-palette-1-dark-2 u-border-hover-palette-4-base u-border-no-left u-border-no-right u-border-no-top u-btn u-button-link u-button-style u-text-active-palette-1-dark-2 u-text-hover-palette-4-base u-text-palette-1-base u-btn-2\">info@farveogstil.dk<\/a><\/b>\n          <\/p>\n        <\/div>\n      <\/div>\n    <\/section>\n    <section class=\"u-clearfix u-section-5\" id=\"sec-a042\">\n      <div class=\"u-clearfix u-sheet u-sheet-1\">\n        <div class=\"u-border-3 u-border-palette-1-base u-container-style u-group u-radius-50 u-shape-round u-group-1\">\n          <div class=\"u-container-layout u-container-layout-1\">\n            <h3 class=\"u-align-center u-text u-text-1\">Farvetests og Gavekort<br>\n            <\/h3>\n            <a href=\"https:\/\/www.farveogstil.dk\/index.php\/produkter\/\" class=\"u-active-none u-align-right u-border-5 u-border-active-palette-2-dark-1 u-border-custom-color-3 u-border-hover-palette-4-base u-border-no-left u-border-no-right u-border-no-top u-btn u-button-style u-hover-none u-none u-text-active-grey-50 u-text-hover-palette-4-base u-text-palette-1-base u-btn-1\">Se produkter<\/a>\n          <\/div>\n        <\/div>\n        <img decoding=\"async\" src=\"https:\/\/www.farveogstil.dk\/wp-content\/uploads\/2023\/03\/e994e8835583e0a57ae4b712c66196b85075bb9dcdc59a6ed4ea9c4d79c2fab2ab441673655ec442f28881e446f75675cb6440ab58568979676474_1280.jpg\" alt=\"\" class=\"u-image u-image-contain u-image-default u-image-1\" data-image-width=\"1280\" data-image-height=\"1280\">\n      <\/div>\n    <\/section>\n    <section class=\"u-clearfix u-lightbox u-palette-1-base u-section-6\" id=\"sec-3fea\">\n      <div class=\"u-clearfix u-sheet u-sheet-1\">\n        <div class=\"u-expanded-width u-list u-list-1\">\n          <div class=\"u-repeater u-repeater-1\">\n            <div class=\"u-container-style u-list-item u-repeater-item u-shape-rectangle u-video-cover\">\n              <div class=\"u-container-layout u-similar-container u-container-layout-1\">\n                <img decoding=\"async\" alt=\"\" class=\"u-expanded-width u-image u-image-contain u-image-default u-image-1\" src=\"https:\/\/www.farveogstil.dk\/wp-content\/uploads\/2020\/11\/inspiration02.png\">\n                <p class=\"u-align-center u-text u-text-1\">.<br>\n                <\/p>\n              <\/div>\n            <\/div>\n            <div class=\"u-container-style u-list-item u-repeater-item u-shape-rectangle u-list-item-2\">\n              <div class=\"u-container-layout u-similar-container u-container-layout-2\">\n                <img decoding=\"async\" alt=\"\" class=\"u-expanded-width u-image u-image-default u-image-2\" src=\"https:\/\/www.farveogstil.dk\/wp-content\/uploads\/2020\/11\/Whattrend.png\">\n                <p class=\"u-align-center u-text u-text-2\">Ikke noget med hurtigtskiftende mode her! En langtidsholdbar genanvendelig garderobe med basiselementer, som kan skifte karakter efter tilbeh\u00f8ret er klart at foretr\u00e6kke. Buy less - wear more!<br>\n                <\/p>\n              <\/div>\n            <\/div>\n            <div class=\"u-container-style u-list-item u-repeater-item u-shape-rectangle u-list-item-3\">\n              <div class=\"u-container-layout u-similar-container u-container-layout-3\">\n                <img decoding=\"async\" alt=\"\" class=\"u-expanded-width u-image u-image-default u-image-3\" src=\"https:\/\/www.farveogstil.dk\/wp-content\/uploads\/2022\/01\/Browns.png\" data-image-width=\"940\" data-image-height=\"788\">\n                <p class=\"u-align-center u-text u-text-3\">Se sp\u00e6ndende ud i brun. En uundv\u00e6rlig farve til tilbeh\u00f8r - sko, tasker, b\u00e6lter<br>\n                <\/p>\n              <\/div>\n            <\/div>\n            <div class=\"u-container-style u-list-item u-repeater-item u-shape-rectangle u-list-item-4\">\n              <div class=\"u-container-layout u-similar-container u-container-layout-4\">\n                <img decoding=\"async\" alt=\"\" class=\"u-expanded-width u-image u-image-default u-image-4\" data-image-width=\"1869\" data-image-height=\"1863\" src=\"https:\/\/www.farveogstil.dk\/wp-content\/uploads\/2021\/06\/MargretheFarvetest.jpg\">\n                <p class=\"u-align-center u-text u-text-4\">Farvetestning med draperier. Modellen er en SOFT.<br>\n                <\/p>\n              <\/div>\n            <\/div>\n            <div class=\"u-container-style u-list-item u-repeater-item u-shape-rectangle u-list-item-5\">\n              <div class=\"u-container-layout u-similar-container u-container-layout-5\">\n                <img decoding=\"async\" alt=\"\" class=\"u-expanded-width u-image u-image-default u-image-5\" data-image-width=\"800\" data-image-height=\"1018\" src=\"https:\/\/www.farveogstil.dk\/wp-content\/uploads\/2020\/11\/jordfarvet-1.jpg\">\n                <p class=\"u-align-center u-text u-text-5\">Aqua er en af de f\u00e5 bl\u00e5 nuancer som kl\u00e6der den varme (WARM)&nbsp; type. Farven Oatmeal f\u00e5 den bl\u00e5 til at v\u00e6re endnu mere sp\u00e6ndende<\/p>\n              <\/div>\n            <\/div>\n            <div class=\"u-container-style u-list-item u-repeater-item u-shape-rectangle u-list-item-6\">\n              <div class=\"u-container-layout u-similar-container u-container-layout-6\">\n                <img decoding=\"async\" alt=\"\" class=\"u-expanded-width u-image u-image-default u-image-6\" data-image-width=\"800\" data-image-height=\"842\" src=\"https:\/\/www.farveogstil.dk\/wp-content\/uploads\/2020\/11\/4-kvinder-1.jpg\">\n                <p class=\"u-align-center u-text u-text-6\">Fire forskellige farvetyper. Fra venstre: COOL, WARM, DEEP og CLEAR<\/p>\n              <\/div>\n            <\/div>\n          <\/div>\n        <\/div>\n        <a href=\"https:\/\/www.farveogstil.dk\/index.php\/inspiration\/\" class=\"u-active-none u-align-right u-border-5 u-border-active-palette-4-base u-border-custom-color-3 u-border-hover-palette-4-base u-border-no-left u-border-no-right u-border-no-top u-btn u-button-style u-hover-none u-none u-text-active-palette-4-base u-text-hover-palette-4-base u-text-white u-btn-1\" data-animation-name=\"fadeIn\" data-animation-duration=\"1000\" data-animation-delay=\"0\" data-animation-direction=\"\">Se flere billeder<\/a>\n      <\/div>\n    <\/section>\n    \n    \n  \n","protected":false},"excerpt":{"rendered":"<p>F\u00e5 en farve- og stiltest Du kommer til at f\u00e5 en garderobe, der fungerer Du oplever et l\u00e6kkerhedsl\u00f8ft og kommer til at se slankere, yngre og sundere ud Fejlk\u00f8b belaster \u00f8konomien og milj\u00f8et Der findes andre farver end sort l\u00e6s mere Farvetest Er du LIGHT (lys), DEEP (dyb), WARM (varm), COOL (kold), SOFT (bl\u00f8d\/d\u00e6mpet) eller &hellip; <a href=\"https:\/\/www.farveogstil.dk\/\" class=\"more-link\">Continue reading<span class=\"screen-reader-text\"> &#8220;Velkommen&#8221;<\/span><\/a><\/p>\n","protected":false},"author":1,"featured_media":0,"parent":0,"menu_order":4,"comment_status":"closed","ping_status":"closed","template":"","meta":{"footnotes":""},"class_list":["post-133","page","type-page","status-publish","hentry"],"_links":{"self":[{"href":"https:\/\/www.farveogstil.dk\/index.php\/wp-json\/wp\/v2\/pages\/133","targetHints":{"allow":["GET"]}}],"collection":[{"href":"https:\/\/www.farveogstil.dk\/index.php\/wp-json\/wp\/v2\/pages"}],"about":[{"href":"https:\/\/www.farveogstil.dk\/index.php\/wp-json\/wp\/v2\/types\/page"}],"author":[{"embeddable":true,"href":"https:\/\/www.farveogstil.dk\/index.php\/wp-json\/wp\/v2\/users\/1"}],"replies":[{"embeddable":true,"href":"https:\/\/www.farveogstil.dk\/index.php\/wp-json\/wp\/v2\/comments?post=133"}],"version-history":[{"count":17,"href":"https:\/\/www.farveogstil.dk\/index.php\/wp-json\/wp\/v2\/pages\/133\/revisions"}],"predecessor-version":[{"id":633,"href":"https:\/\/www.farveogstil.dk\/index.php\/wp-json\/wp\/v2\/pages\/133\/revisions\/633"}],"wp:attachment":[{"href":"https:\/\/www.farveogstil.dk\/index.php\/wp-json\/wp\/v2\/media?parent=133"}],"curies":[{"name":"wp","href":"https:\/\/api.w.org\/{rel}","templated":true}]}}