{"id":132,"date":"2020-11-12T17:24:20","date_gmt":"2020-11-12T17:24:20","guid":{"rendered":"https:\/\/www.farveogstil.dk\/index.php\/inspiration\/"},"modified":"2024-04-03T12:00:18","modified_gmt":"2024-04-03T10:00:18","slug":"inspiration","status":"publish","type":"page","link":"https:\/\/www.farveogstil.dk\/index.php\/inspiration\/","title":{"rendered":"Inspiration"},"content":{"rendered":"\n    \n    <section class=\"u-clearfix u-image u-section-2\" id=\"carousel_9606\" style=\"background-image: url(&quot;https:\/\/www.farveogstil.dk\/wp-content\/uploads\/2020\/11\/e4-1.jpg&quot;);\">\n      <div class=\"u-clearfix u-layout-wrap u-layout-wrap-1\">\n        <div class=\"u-layout\">\n          <div class=\"u-layout-row\">\n            <div class=\"u-container-style u-layout-cell u-left-cell u-size-22 u-layout-cell-1\">\n              <div class=\"u-container-layout u-valign-top-sm u-valign-top-xs u-container-layout-1\">\n                <h5 class=\"u-align-left u-text u-text-default u-text-1\">inspiration<\/h5>\n                <h1 class=\"u-custom-font u-font-roboto-condensed u-text u-text-custom-color-1 u-title u-text-2\">farver der passer sammen<\/h1>\n                <p class=\"u-text u-text-default u-text-3\">Hvilken type er du? Lys, m\u00f8rk, varm, kold, klar, bl\u00f8d?&nbsp;<br>S\u00f8g farveinspiration og se, hvad de rette farver kan. \n                <\/p>\n              <\/div>\n            <\/div>\n            <div class=\"u-align-center u-container-style u-image u-layout-cell u-right-cell u-size-38 u-image-1\" style=\"background-image: url(&quot;https:\/\/www.farveogstil.dk\/wp-content\/uploads\/2020\/11\/jordfarvet-1.jpg&quot;);\">\n              <div class=\"u-container-layout u-container-layout-2\"><\/div>\n            <\/div>\n          <\/div>\n        <\/div>\n      <\/div>\n    <\/section>\n    <section class=\"u-align-center u-clearfix u-palette-1-base u-section-3\" id=\"carousel_4de8\">\n      <div class=\"u-clearfix u-sheet u-sheet-1\">\n        <div class=\"u-expanded-width u-list u-list-1\">\n          <div class=\"u-repeater u-repeater-1\">\n            <div class=\"u-container-style u-list-item u-repeater-item u-shape-rectangle u-video-cover\">\n              <div class=\"u-container-layout u-similar-container u-valign-top-sm u-valign-top-xs u-container-layout-1\">\n                <img decoding=\"async\" alt=\"\" class=\"u-expanded-width-lg u-expanded-width-md u-expanded-width-xl u-image u-image-contain u-image-default u-image-1\" src=\"https:\/\/www.farveogstil.dk\/wp-content\/uploads\/2020\/11\/inspiration02.png\">\n                <p class=\"u-align-center u-text u-text-1\">.<br>\n                <\/p>\n              <\/div>\n            <\/div>\n            <div class=\"u-container-style u-list-item u-repeater-item u-shape-rectangle\">\n              <div class=\"u-container-layout u-similar-container u-valign-top-sm u-valign-top-xs u-container-layout-2\">\n                <img decoding=\"async\" alt=\"\" class=\"u-expanded-width-lg u-expanded-width-md u-expanded-width-xl u-image u-image-default u-image-2\" src=\"https:\/\/www.farveogstil.dk\/wp-content\/uploads\/2020\/11\/CMBNKRomantic.jpg\">\n                <p class=\"u-align-center u-text u-text-2\">Nicole Kidman har en romantisk stil. Langt b\u00f8lget h\u00e5r og fl\u00f8jl. Kender du din stilpersonlighed?<br>\n                <\/p>\n              <\/div>\n            <\/div>\n            <div class=\"u-container-style u-list-item u-repeater-item u-shape-rectangle\">\n              <div class=\"u-container-layout u-similar-container u-valign-top-sm u-valign-top-xs u-container-layout-3\">\n                <img decoding=\"async\" alt=\"\" class=\"u-expanded-width-lg u-expanded-width-md u-expanded-width-xl u-image u-image-default u-image-3\" data-image-width=\"573\" data-image-height=\"822\" src=\"https:\/\/www.farveogstil.dk\/wp-content\/uploads\/2020\/11\/p.49A-HR-red-1.jpg\">\n                <p class=\"u-align-center u-text u-text-3\">En lys type (LIGHT) str\u00e5ler i sin ispink bluse (pale pink)<br>\n                <\/p>\n              <\/div>\n            <\/div>\n            <div class=\"u-container-style u-list-item u-repeater-item u-shape-rectangle\">\n              <div class=\"u-container-layout u-similar-container u-valign-top-sm u-valign-top-xs u-container-layout-4\">\n                <img decoding=\"async\" alt=\"\" class=\"u-expanded-width-lg u-expanded-width-md u-expanded-width-xl u-image u-image-default u-image-4\" data-image-width=\"940\" data-image-height=\"788\" src=\"https:\/\/www.farveogstil.dk\/wp-content\/uploads\/2023\/03\/Acessories-xmas-red.png\">\n                <p class=\"u-align-center u-text u-text-4\">Brug tilbeh\u00f8r til at skabe kul\u00f8r. \u00c6gte r\u00f8dt.<br>\n                <\/p>\n              <\/div>\n            <\/div>\n            <div class=\"u-container-style u-list-item u-repeater-item u-shape-rectangle\">\n              <div class=\"u-container-layout u-similar-container u-valign-top-sm u-valign-top-xs u-container-layout-5\">\n                <img decoding=\"async\" alt=\"\" class=\"u-expanded-width-lg u-expanded-width-md u-expanded-width-xl u-image u-image-default u-image-5\" data-image-width=\"800\" data-image-height=\"1018\" src=\"https:\/\/www.farveogstil.dk\/wp-content\/uploads\/2020\/11\/jordfarvet-1.jpg\">\n                <p class=\"u-align-center u-text u-text-5\">Aqua er en af de f\u00e5 bl\u00e5 nuancer som kl\u00e6der den varme (WARM)&nbsp; type. Farven Oatmeal f\u00e5 den bl\u00e5 til at v\u00e6re endnu mere sp\u00e6ndende<br>\n                <\/p>\n              <\/div>\n            <\/div>\n            <div class=\"u-container-style u-list-item u-repeater-item u-shape-rectangle\">\n              <div class=\"u-container-layout u-similar-container u-valign-top-sm u-valign-top-xs u-container-layout-6\">\n                <img decoding=\"async\" alt=\"\" class=\"u-expanded-width-lg u-expanded-width-md u-expanded-width-xl u-image u-image-default u-image-6\" data-image-width=\"800\" data-image-height=\"842\" src=\"https:\/\/www.farveogstil.dk\/wp-content\/uploads\/2020\/11\/4-kvinder-1.jpg\">\n                <p class=\"u-align-center u-text u-text-6\">Fire forskellige farvetypertyper. Fra venstre: COOL, WARM, DEEP og CLEAR<br>\n                <\/p>\n              <\/div>\n            <\/div>\n          <\/div>\n        <\/div>\n      <\/div>\n    <\/section>\n    <section class=\"u-align-center u-clearfix u-palette-1-base u-section-4\" id=\"carousel_f5ee\">\n      <div class=\"u-clearfix u-sheet u-valign-top u-sheet-1\">\n        <div class=\"u-align-center-lg u-align-center-md u-align-center-sm u-align-center-xs u-expanded-width u-list u-list-1\">\n          <div class=\"u-repeater u-repeater-1\">\n            <div class=\"u-container-style u-list-item u-repeater-item u-shape-rectangle u-video-cover\">\n              <div class=\"u-container-layout u-similar-container u-container-layout-1\">\n                <img decoding=\"async\" alt=\"\" class=\"u-expanded-width u-image u-image-default u-image-1\" src=\"https:\/\/www.farveogstil.dk\/wp-content\/uploads\/2020\/11\/image_eyes-red-1.jpg\" data-image-width=\"600\" data-image-height=\"343\">\n                <p class=\"u-align-center u-text u-text-1\">Den rigtige makeup f\u00e5r dig til at se elegant ud. Et dagligt l\u00e6kkerhedsl\u00f8ft<br>\n                <\/p>\n              <\/div>\n            <\/div>\n            <div class=\"u-container-style u-list-item u-repeater-item u-shape-rectangle\">\n              <div class=\"u-container-layout u-similar-container u-container-layout-2\">\n                <img decoding=\"async\" alt=\"\" class=\"u-expanded-width u-image u-image-default u-image-2\" data-image-width=\"555\" data-image-height=\"822\" src=\"https:\/\/www.farveogstil.dk\/wp-content\/uploads\/2020\/11\/p.199-HR-red-1.jpg\">\n                <p class=\"u-align-center u-text u-text-2\">Kvinder, der kender og k\u00f8ber efter deres bedste farver og stil. Godt for dig, din \u00f8konomi og milj\u00f8et<br>\n                <\/p>\n              <\/div>\n            <\/div>\n            <div class=\"u-container-style u-list-item u-repeater-item u-shape-rectangle\">\n              <div class=\"u-container-layout u-similar-container u-container-layout-3\">\n                <img decoding=\"async\" alt=\"\" class=\"u-expanded-width u-image u-image-default u-image-3\" src=\"https:\/\/www.farveogstil.dk\/wp-content\/uploads\/2020\/11\/Breakingtherules.jpg\">\n                <p class=\"u-align-center u-text u-text-3\">De fleste har fundet frakken frem. Hvis du kun vil have en vinterfrakke, s\u00e5 k\u00f8b den i en af din palets neutrale farver. Hvis du har r\u00e5d og lyst s\u00e5 k\u00f8b en mere i en af dine gode modefarver s\u00e5 du kan lyse op p\u00e5 en gr\u00e5 vinterdag!<br>\n                <\/p>\n              <\/div>\n            <\/div>\n            <div class=\"u-container-style u-list-item u-repeater-item u-shape-rectangle\">\n              <div class=\"u-container-layout u-similar-container u-container-layout-4\">\n                <img decoding=\"async\" alt=\"\" class=\"u-expanded-width u-image u-image-default u-image-4\" src=\"https:\/\/www.farveogstil.dk\/wp-content\/uploads\/2020\/12\/cool_carol_before_right-150x150-1-150x150.jpg\">\n                <p class=\"u-align-center u-text u-text-4\">En COOL i sine farver. L\u00e6g m\u00e6rke til at hun har mange bl\u00e5 og r\u00f8de farve i sin palet.<br>\n                <\/p>\n              <\/div>\n            <\/div>\n            <div class=\"u-container-style u-list-item u-repeater-item u-shape-rectangle\">\n              <div class=\"u-container-layout u-similar-container u-container-layout-5\">\n                <img decoding=\"async\" alt=\"\" class=\"u-expanded-width u-image u-image-default u-image-5\" src=\"https:\/\/www.farveogstil.dk\/wp-content\/uploads\/2020\/12\/p.11-HR-scaled.jpg\">\n                <p class=\"u-align-center u-text u-text-5\">Frakken er i en rigtig god neutral farve som kl\u00e6der langt de fleste -farven kaldes stone.<br>\n                <\/p>\n              <\/div>\n            <\/div>\n            <div class=\"u-container-style u-list-item u-repeater-item u-shape-rectangle\">\n              <div class=\"u-container-layout u-similar-container u-container-layout-6\">\n                <img decoding=\"async\" alt=\"\" class=\"u-expanded-width u-image u-image-default u-image-6\" src=\"https:\/\/www.farveogstil.dk\/wp-content\/uploads\/2020\/12\/p.5Contents-HR-1200x2819.jpg\">\n                <p class=\"u-align-center u-text u-text-6\">Apple green f\u00e5r den klare type til at str\u00e5le.<br>\n                <\/p>\n              <\/div>\n            <\/div>\n          <\/div>\n        <\/div>\n        <a href=\"mailto:info@farverogstil.dk?subject=Henvendelse%20fra%20hjemmeside\" class=\"u-active-none u-align-center-sm u-align-center-xs u-align-right-lg u-align-right-md u-align-right-xl u-border-5 u-border-active-palette-4-base u-border-custom-color-3 u-border-hover-palette-4-base u-border-no-left u-border-no-right u-border-no-top u-btn u-button-style u-hover-none u-none u-text-active-palette-4-base u-text-hover-palette-4-base u-text-white u-btn-1\">Book tid til farvetest<\/a>\n      <\/div>\n    <\/section>\n    <section class=\"u-clearfix u-section-5\" id=\"sec-a042\">\n      <div class=\"u-clearfix u-sheet u-sheet-1\">\n        <div class=\"u-border-3 u-border-palette-1-base u-container-style u-group u-radius-50 u-shape-round u-group-1\">\n          <div class=\"u-container-layout u-container-layout-1\">\n            <h3 class=\"u-align-center u-text u-text-1\">Farvetest og gavekort<\/h3>\n            <a href=\"https:\/\/www.farveogstil.dk\/index.php\/produkter\/\" class=\"u-active-none u-align-right u-border-5 u-border-active-palette-2-dark-1 u-border-custom-color-3 u-border-hover-palette-4-base u-border-no-left u-border-no-right u-border-no-top u-btn u-button-style u-hover-none u-none u-text-active-grey-50 u-text-hover-palette-4-base u-text-palette-1-base u-btn-1\">Se produkter<\/a>\n          <\/div>\n        <\/div>\n        <img decoding=\"async\" src=\"https:\/\/www.farveogstil.dk\/wp-content\/uploads\/2023\/03\/e994e8835583e0a57ae4b712c66196b85075bb9dcdc59a6ed4ea9c4d79c2fab2ab441673655ec442f28881e446f75675cb6440ab58568979676474_1280.jpg\" alt=\"\" class=\"u-image u-image-contain u-image-default u-image-1\" data-image-width=\"1280\" data-image-height=\"1280\">\n      <\/div>\n    <\/section>\n    \n    \n  \n","protected":false},"excerpt":{"rendered":"<p>inspiration farver der passer sammen Hvilken type er du? Lys, m\u00f8rk, varm, kold, klar, bl\u00f8d?&nbsp;S\u00f8g farveinspiration og se, hvad de rette farver kan. . Nicole Kidman har en romantisk stil. Langt b\u00f8lget h\u00e5r og fl\u00f8jl. Kender du din stilpersonlighed? En lys type (LIGHT) str\u00e5ler i sin ispink bluse (pale pink) Brug tilbeh\u00f8r til at skabe &hellip; <a href=\"https:\/\/www.farveogstil.dk\/index.php\/inspiration\/\" class=\"more-link\">Continue reading<span class=\"screen-reader-text\"> &#8220;Inspiration&#8221;<\/span><\/a><\/p>\n","protected":false},"author":1,"featured_media":0,"parent":0,"menu_order":3,"comment_status":"closed","ping_status":"closed","template":"","meta":{"footnotes":""},"class_list":["post-132","page","type-page","status-publish","hentry"],"_links":{"self":[{"href":"https:\/\/www.farveogstil.dk\/index.php\/wp-json\/wp\/v2\/pages\/132","targetHints":{"allow":["GET"]}}],"collection":[{"href":"https:\/\/www.farveogstil.dk\/index.php\/wp-json\/wp\/v2\/pages"}],"about":[{"href":"https:\/\/www.farveogstil.dk\/index.php\/wp-json\/wp\/v2\/types\/page"}],"author":[{"embeddable":true,"href":"https:\/\/www.farveogstil.dk\/index.php\/wp-json\/wp\/v2\/users\/1"}],"replies":[{"embeddable":true,"href":"https:\/\/www.farveogstil.dk\/index.php\/wp-json\/wp\/v2\/comments?post=132"}],"version-history":[{"count":25,"href":"https:\/\/www.farveogstil.dk\/index.php\/wp-json\/wp\/v2\/pages\/132\/revisions"}],"predecessor-version":[{"id":637,"href":"https:\/\/www.farveogstil.dk\/index.php\/wp-json\/wp\/v2\/pages\/132\/revisions\/637"}],"wp:attachment":[{"href":"https:\/\/www.farveogstil.dk\/index.php\/wp-json\/wp\/v2\/media?parent=132"}],"curies":[{"name":"wp","href":"https:\/\/api.w.org\/{rel}","templated":true}]}}