{"id":131,"date":"2020-11-12T17:24:19","date_gmt":"2020-11-12T17:24:19","guid":{"rendered":"https:\/\/www.farveogstil.dk\/index.php\/produkter\/"},"modified":"2024-03-22T12:31:36","modified_gmt":"2024-03-22T11:31:36","slug":"produkter","status":"publish","type":"page","link":"https:\/\/www.farveogstil.dk\/index.php\/produkter\/","title":{"rendered":"Produkter"},"content":{"rendered":"\n    \n    <section class=\"u-clearfix u-image u-section-2\" id=\"carousel_9606\" style=\"background-image: url(&quot;https:\/\/www.farveogstil.dk\/wp-content\/uploads\/2020\/11\/e4-1.jpg&quot;);\">\n      <div class=\"u-clearfix u-layout-wrap u-layout-wrap-1\">\n        <div class=\"u-layout\">\n          <div class=\"u-layout-row\">\n            <div class=\"u-container-style u-layout-cell u-left-cell u-size-22 u-layout-cell-1\">\n              <div class=\"u-container-layout u-container-layout-1\">\n                <h5 class=\"u-align-left u-custom-font u-font-pt-sans u-text u-text-1\">produkter<\/h5>\n                <h1 class=\"u-align-left u-custom-font u-font-roboto-condensed u-text u-text-custom-color-1 u-text-2\">til farve og stil<\/h1>\n                <p class=\"u-align-left u-text u-text-3\"> Kender du dine farver s\u00e5 k\u00f8b bare l\u00f8s. Hvis ikke s\u00e5 kontakt\nmig for en farve- og stiltest, s\u00e5 du er sikker p\u00e5 at f\u00e5 lige de farver, som passer dig bedst.&nbsp;<br>\n                  <br>Undg\u00e5 fejlk\u00f8b \u2013 ogs\u00e5 n\u00e5r det g\u00e6lder makeup.<br>\n                <\/p>\n              <\/div>\n            <\/div>\n            <div class=\"u-align-center u-container-style u-layout-cell u-right-cell u-shape-rectangle u-size-38 u-white u-layout-cell-2\">\n              <div class=\"u-container-layout u-container-layout-2\">\n                <img decoding=\"async\" src=\"https:\/\/www.farveogstil.dk\/wp-content\/uploads\/2020\/11\/4-kvinder-1.jpg\" alt=\"\" class=\"u-align-center u-image u-image-default u-image-1\">\n              <\/div>\n            <\/div>\n          <\/div>\n        <\/div>\n      <\/div>\n    <\/section>\n    <section class=\"u-clearfix u-section-3\" id=\"sec-98ad\">\n      <div class=\"u-clearfix u-sheet u-sheet-1\">\n        <h2 class=\"u-align-center u-text u-text-default u-text-1\">S\u00e5dan k\u00f8ber du i min butik<\/h2>\n        <p class=\"u-align-center u-text u-text-2\">&nbsp;Fra min online shop kan du bestille dine produkter.<br>N\u00e5r jeg modtager din ordre, vil jeg sende dig en bekr\u00e6ftelse med leverings- og betalingsoplysninger.<br>Du overf\u00f8rer pengene og jeg sender dine varer direkte hjem til din adresse.&nbsp;<br>Gavekort kan ogs\u00e5 bestilles til at blive leveret pr. e-mail.<br>Leveringstiden er typisk 5-7 dage.&nbsp;\n        <\/p>\n      <\/div>\n    <\/section>\n    <section class=\"u-align-center u-clearfix u-section-4\" id=\"sec-8dae\">\n      <div class=\"u-clearfix u-sheet u-valign-middle u-sheet-1\"><!--products_options_json--><!--{\"type\":\"products-category\",\"source\":\"Farvetester\",\"tags\":\"\",\"count\":\"8\"}--><!--\/products_options_json-->\n        <div class=\"u-expanded-width u-products u-products-1 u-cms u-hidden-visibility\"  data-max-items=\"8\" data-items-per-page=\"8\" data-site-sorting-prop=\"created\" data-products-id=\"1\" data-products-id=\"1\" data-products-datasource=\"cms\" data-site-sorting-order=\"desc\">\n          <div class=\"u-list-control\"><\/div>\n          <div class=\"u-repeater u-repeater-1\">\n            <div class=\"u-align-center u-container-style u-products-item u-repeater-item\">\n              <div class=\"u-container-layout u-similar-container u-valign-top u-container-layout-1\">\n                <img decoding=\"async\" alt=\"\" class=\"u-expanded-width u-image u-image-default u-product-control u-image-1\" src=\"https:\/\/www.farveogstil.dk\/wp-content\/uploads\/2024\/04\/TonalDressing.jpg\" style=\"cursor:pointer;\" data-product-control=\"https:\/\/www.farveogstil.dk\/index.php\/vare\/farve-og-stiltest\/\">\n                <h4 class=\"u-align-center u-product-control u-text u-text-1\">\n                  <a class=\"u-product-title-link\" href=\"https:\/\/www.farveogstil.dk\/index.php\/vare\/farve-og-stiltest\/\">Farve- og stiltest<\/a>\n                <\/h4>\n                <div class=\"u-product-control u-product-price u-product-price-1\" data-add-zero-cents=\"true\">\n                  <div class=\"u-price-wrapper u-spacing-10\">\n                    <div class=\"u-hide-price u-old-price\">  <\/div>\n                    <div class=\"u-price u-text-palette-2-base\" style=\"font-size: 1.25rem; font-weight: 700;\"> <span class=\"woocommerce-Price-amount amount\"><bdi>3.200,00<span class=\"woocommerce-Price-currencySymbol\">kr.<\/span><\/bdi><\/span><span style=\"color:rgb(0, 0, 0);margin-left: 6px;font-size: 94%;\"><\/span> <\/div>\n                  <\/div>\n                <\/div>\n                <a data-quantity=\"1\" data-product_id=\"657\" data-product_sku=\"009-1\" href=\"\/index.php\/wp-json\/wp\/v2\/pages\/131?add-to-cart=657\" class=\" u-active-none u-border-2 u-border-active-palette-2-dark-1 u-border-hover-palette-2-base u-border-no-left u-border-no-right u-border-no-top u-border-palette-1-base u-btn u-button-style u-hover-none u-none u-product-control u-text-hover-palette-2-base u-text-palette-1-base u-btn-1   button product_type_simple add_to_cart_button ajax_add_to_cart\" data-product-id=\"\">V\u00e6lg muligheder<\/a>\n              <\/div>\n            <\/div>\n            <div class=\"u-align-center u-container-style u-products-item u-repeater-item\">\n              <div class=\"u-container-layout u-similar-container u-valign-top u-container-layout-2\">\n                <img decoding=\"async\" alt=\"\" class=\"u-expanded-width u-image u-image-default u-product-control u-image-2\" src=\"https:\/\/www.farveogstil.dk\/wp-content\/uploads\/2020\/12\/gavekort-750.jpg\" style=\"cursor:pointer;\" data-product-control=\"https:\/\/www.farveogstil.dk\/index.php\/vare\/gavekort\/\">\n                <h4 class=\"u-align-center u-product-control u-text u-text-2\">\n                  <a class=\"u-product-title-link\" href=\"https:\/\/www.farveogstil.dk\/index.php\/vare\/gavekort\/\">Gavekort<\/a>\n                <\/h4>\n                <div class=\"u-product-control u-product-price u-product-price-2\" data-add-zero-cents=\"true\">\n                  <div class=\"u-price-wrapper u-spacing-10\">\n                    <div class=\"u-hide-price u-old-price\">  <\/div>\n                    <div class=\"u-price u-text-palette-2-base\" style=\"font-size: 1.25rem; font-weight: 700;\"> <span class=\"woocommerce-Price-amount amount\"><bdi>800,00<span class=\"woocommerce-Price-currencySymbol\">kr.<\/span><\/bdi><\/span> - <span class=\"woocommerce-Price-amount amount\"><bdi>4.000,00<span class=\"woocommerce-Price-currencySymbol\">kr.<\/span><\/bdi><\/span><span style=\"color:rgb(0, 0, 0);margin-left: 6px;font-size: 94%;\"><\/span> <\/div>\n                  <\/div>\n                <\/div>\n                <a data-quantity=\"1\" data-product_id=\"363\" data-product_sku=\"0001\" href=\"https:\/\/www.farveogstil.dk\/index.php\/vare\/gavekort\/\" class=\" u-active-none u-border-2 u-border-active-palette-2-dark-1 u-border-hover-palette-2-base u-border-no-left u-border-no-right u-border-no-top u-border-palette-1-base u-btn u-button-style u-hover-none u-none u-product-control u-text-hover-palette-2-base u-text-palette-1-base u-btn-2   button product_type_variable add_to_cart_button\" data-product-id=\"\">Tilf\u00f8j til kurv<\/a>\n              <\/div>\n            <\/div>\n            <div class=\"u-align-center u-container-style u-products-item u-repeater-item\">\n              <div class=\"u-container-layout u-similar-container u-valign-top u-container-layout-3\">\n                <img decoding=\"async\" alt=\"\" class=\"u-expanded-width u-image u-image-default u-product-control u-image-3\" src=\"https:\/\/www.farveogstil.dk\/wp-content\/uploads\/2020\/12\/farvetest-hoveddominans.jpg\" style=\"cursor:pointer;\" data-product-control=\"https:\/\/www.farveogstil.dk\/index.php\/vare\/farvetest-med-hoveddominans\/\">\n                <h4 class=\"u-align-center u-product-control u-text u-text-3\">\n                  <a class=\"u-product-title-link\" href=\"https:\/\/www.farveogstil.dk\/index.php\/vare\/farvetest-med-hoveddominans\/\">Farvetest med hoveddominans og till\u00e6gsfarver<\/a>\n                <\/h4>\n                <div class=\"u-product-control u-product-price u-product-price-3\" data-add-zero-cents=\"true\">\n                  <div class=\"u-price-wrapper u-spacing-10\">\n                    <div class=\"u-hide-price u-old-price\">  <\/div>\n                    <div class=\"u-price u-text-palette-2-base\" style=\"font-size: 1.25rem; font-weight: 700;\"> <span class=\"woocommerce-Price-amount amount\"><bdi>1.200,00<span class=\"woocommerce-Price-currencySymbol\">kr.<\/span><\/bdi><\/span><span style=\"color:rgb(0, 0, 0);margin-left: 6px;font-size: 94%;\"><\/span> <\/div>\n                  <\/div>\n                <\/div>\n                <a data-quantity=\"1\" data-product_id=\"360\" data-product_sku=\"009\" href=\"\/index.php\/wp-json\/wp\/v2\/pages\/131?add-to-cart=360\" class=\" u-active-none u-border-2 u-border-active-palette-2-dark-1 u-border-hover-palette-2-base u-border-no-left u-border-no-right u-border-no-top u-border-palette-1-base u-btn u-button-style u-hover-none u-none u-product-control u-text-hover-palette-2-base u-text-palette-1-base u-btn-3   button product_type_simple add_to_cart_button ajax_add_to_cart\" data-product-id=\"\">Tilf\u00f8j til kurv<\/a>\n              <\/div>\n            <\/div>\n            <div class=\"u-align-center u-container-style u-products-item u-repeater-item\">\n              <div class=\"u-container-layout u-similar-container u-valign-top u-container-layout-4\">\n                <img decoding=\"async\" alt=\"\" class=\"u-expanded-width u-image u-image-default u-product-control u-image-4\" src=\"https:\/\/www.farveogstil.dk\/wp-content\/uploads\/2020\/11\/farvemappe.jpg\" style=\"cursor:pointer;\" data-product-control=\"https:\/\/www.farveogstil.dk\/index.php\/vare\/farvemappe\/\">\n                <h4 class=\"u-align-center u-product-control u-text u-text-4\">\n                  <a class=\"u-product-title-link\" href=\"https:\/\/www.farveogstil.dk\/index.php\/vare\/farvemappe\/\">Farvemappe<\/a>\n                <\/h4>\n                <div class=\"u-product-control u-product-price u-product-price-4\" data-add-zero-cents=\"true\">\n                  <div class=\"u-price-wrapper u-spacing-10\">\n                    <div class=\"u-hide-price u-old-price\">  <\/div>\n                    <div class=\"u-price u-text-palette-2-base\" style=\"font-size: 1.25rem; font-weight: 700;\"> <span class=\"woocommerce-Price-amount amount\"><bdi>865,00<span class=\"woocommerce-Price-currencySymbol\">kr.<\/span><\/bdi><\/span><span style=\"color:rgb(0, 0, 0);margin-left: 6px;font-size: 94%;\"><\/span> <\/div>\n                  <\/div>\n                <\/div>\n                <a data-quantity=\"1\" data-product_id=\"97\" data-product_sku=\"006\" href=\"\/index.php\/wp-json\/wp\/v2\/pages\/131?add-to-cart=97\" class=\" u-active-none u-border-2 u-border-active-palette-2-dark-1 u-border-hover-palette-2-base u-border-no-left u-border-no-right u-border-no-top u-border-palette-1-base u-btn u-button-style u-hover-none u-none u-product-control u-text-hover-palette-2-base u-text-palette-1-base u-btn-4   button product_type_simple add_to_cart_button ajax_add_to_cart\" data-product-id=\"\">Tilf\u00f8j til kurv<\/a>\n              <\/div>\n            <\/div>\n            <div class=\"u-align-center u-container-style u-products-item u-repeater-item\">\n              <div class=\"u-container-layout u-similar-container u-valign-top u-container-layout-5\">\n                <img decoding=\"async\" alt=\"\" class=\"u-expanded-width u-image u-image-default u-product-control u-image-5\" src=\"https:\/\/www.farveogstil.dk\/wp-content\/uploads\/2020\/11\/farvetest-foto.jpg\" style=\"cursor:pointer;\" data-product-control=\"https:\/\/www.farveogstil.dk\/index.php\/vare\/farve-og-makeup-test\/\" style=\"background-image: url(&quot;https:\/\/www.farveogstil.dk\/wp-content\/uploads\/2020\/11\/farvemappe.jpg&quot;);\">\n                <h4 class=\"u-align-center u-product-control u-text u-text-5\">\n                  <a class=\"u-product-title-link\" href=\"https:\/\/www.farveogstil.dk\/index.php\/vare\/farve-og-makeup-test\/\">Fuld stil-, farve- og makeuptest<\/a>\n                <\/h4>\n                <div class=\"u-product-control u-product-price u-product-price-5\" data-add-zero-cents=\"true\">\n                  <div class=\"u-price-wrapper u-spacing-10\">\n                    <div class=\"u-hide-price u-old-price\">  <\/div>\n                    <div class=\"u-price u-text-palette-2-base\" style=\"font-size: 1.25rem; font-weight: 700;\"> <span class=\"woocommerce-Price-amount amount\"><bdi>4.000,00<span class=\"woocommerce-Price-currencySymbol\">kr.<\/span><\/bdi><\/span><span style=\"color:rgb(0, 0, 0);margin-left: 6px;font-size: 94%;\"><\/span> <\/div>\n                  <\/div>\n                <\/div>\n                <a data-quantity=\"1\" data-product_id=\"96\" data-product_sku=\"004\" href=\"\/index.php\/wp-json\/wp\/v2\/pages\/131?add-to-cart=96\" class=\" u-active-none u-border-2 u-border-active-palette-2-dark-1 u-border-hover-palette-2-base u-border-no-left u-border-no-right u-border-no-top u-border-palette-1-base u-btn u-button-style u-hover-none u-none u-product-control u-text-hover-palette-2-base u-text-palette-1-base u-btn-5   button product_type_simple add_to_cart_button ajax_add_to_cart\" data-product-id=\"\">Tilf\u00f8j til kurv<\/a>\n              <\/div>\n            <\/div>\n            <div class=\"u-align-center u-container-style u-products-item u-repeater-item\">\n              <div class=\"u-container-layout u-similar-container u-valign-top u-container-layout-6\">\n                <img decoding=\"async\" alt=\"\" class=\"u-expanded-width u-image u-image-default u-product-control u-image-6\" src=\"https:\/\/www.farveogstil.dk\/wp-content\/uploads\/2020\/11\/stiltest.jpg\" style=\"cursor:pointer;\" data-product-control=\"https:\/\/www.farveogstil.dk\/index.php\/vare\/stilpersonlighedstest\/\" style=\"background-image: url(&quot;https:\/\/www.farveogstil.dk\/wp-content\/uploads\/2020\/11\/farvetest-foto.jpg&quot;);\">\n                <h4 class=\"u-align-center u-product-control u-text u-text-6\">\n                  <a class=\"u-product-title-link\" href=\"https:\/\/www.farveogstil.dk\/index.php\/vare\/stilpersonlighedstest\/\">Stiltest med stilbog<\/a>\n                <\/h4>\n                <div class=\"u-product-control u-product-price u-product-price-6\" data-add-zero-cents=\"true\">\n                  <div class=\"u-price-wrapper u-spacing-10\">\n                    <div class=\"u-hide-price u-old-price\">  <\/div>\n                    <div class=\"u-price u-text-palette-2-base\" style=\"font-size: 1.25rem; font-weight: 700;\"> <span class=\"woocommerce-Price-amount amount\"><bdi>2.000,00<span class=\"woocommerce-Price-currencySymbol\">kr.<\/span><\/bdi><\/span><span style=\"color:rgb(0, 0, 0);margin-left: 6px;font-size: 94%;\"><\/span> <\/div>\n                  <\/div>\n                <\/div>\n                <a data-quantity=\"1\" data-product_id=\"95\" data-product_sku=\"005\" href=\"\/index.php\/wp-json\/wp\/v2\/pages\/131?add-to-cart=95\" class=\" u-active-none u-border-2 u-border-active-palette-2-dark-1 u-border-hover-palette-2-base u-border-no-left u-border-no-right u-border-no-top u-border-palette-1-base u-btn u-button-style u-hover-none u-none u-product-control u-text-hover-palette-2-base u-text-palette-1-base u-btn-6   button product_type_simple add_to_cart_button ajax_add_to_cart\" data-product-id=\"\">Tilf\u00f8j til kurv<\/a>\n              <\/div>\n            <\/div>\n            <div class=\"u-align-center u-container-style u-products-item u-repeater-item\">\n              <div class=\"u-container-layout u-similar-container u-valign-top u-container-layout-7\">\n                <img decoding=\"async\" alt=\"\" class=\"u-expanded-width u-image u-image-default u-product-control u-image-7\" src=\"https:\/\/www.farveogstil.dk\/wp-content\/uploads\/2020\/11\/makeuptest.jpg\" style=\"cursor:pointer;\" data-product-control=\"https:\/\/www.farveogstil.dk\/index.php\/vare\/makeuptest\/\" style=\"background-image: url(&quot;https:\/\/www.farveogstil.dk\/wp-content\/uploads\/2020\/11\/stiltest.jpg&quot;);\">\n                <h4 class=\"u-align-center u-product-control u-text u-text-7\">\n                  <a class=\"u-product-title-link\" href=\"https:\/\/www.farveogstil.dk\/index.php\/vare\/makeuptest\/\">Makeuptest<\/a>\n                <\/h4>\n                <div class=\"u-product-control u-product-price u-product-price-7\" data-add-zero-cents=\"true\">\n                  <div class=\"u-price-wrapper u-spacing-10\">\n                    <div class=\"u-hide-price u-old-price\">  <\/div>\n                    <div class=\"u-price u-text-palette-2-base\" style=\"font-size: 1.25rem; font-weight: 700;\"> <span class=\"woocommerce-Price-amount amount\"><bdi>800,00<span class=\"woocommerce-Price-currencySymbol\">kr.<\/span><\/bdi><\/span><span style=\"color:rgb(0, 0, 0);margin-left: 6px;font-size: 94%;\"><\/span> <\/div>\n                  <\/div>\n                <\/div>\n                <a data-quantity=\"1\" data-product_id=\"92\" data-product_sku=\"002\" href=\"\/index.php\/wp-json\/wp\/v2\/pages\/131?add-to-cart=92\" class=\" u-active-none u-border-2 u-border-active-palette-2-dark-1 u-border-hover-palette-2-base u-border-no-left u-border-no-right u-border-no-top u-border-palette-1-base u-btn u-button-style u-hover-none u-none u-product-control u-text-hover-palette-2-base u-text-palette-1-base u-btn-7   button product_type_simple add_to_cart_button ajax_add_to_cart\" data-product-id=\"\">Tilf\u00f8j til kurv<\/a>\n              <\/div>\n            <\/div>\n            <div class=\"u-align-center u-container-style u-products-item u-repeater-item\">\n              <div class=\"u-container-layout u-similar-container u-valign-top u-container-layout-8\">\n                <img decoding=\"async\" alt=\"\" class=\"u-expanded-width u-image u-image-default u-product-control u-image-8\" src=\"https:\/\/www.farveogstil.dk\/wp-content\/uploads\/2020\/11\/torklaeder-farver-1.jpg\" style=\"cursor:pointer;\" data-product-control=\"https:\/\/www.farveogstil.dk\/index.php\/vare\/kvik-farvetest\/\" style=\"background-image: url(&quot;https:\/\/www.farveogstil.dk\/wp-content\/uploads\/2020\/11\/p.189-HR-red.jpg&quot;);\">\n                <h4 class=\"u-align-center u-product-control u-text u-text-8\">\n                  <a class=\"u-product-title-link\" href=\"https:\/\/www.farveogstil.dk\/index.php\/vare\/kvik-farvetest\/\">Farve- og makeuptest<\/a>\n                <\/h4>\n                <div class=\"u-product-control u-product-price u-product-price-8\" data-add-zero-cents=\"true\">\n                  <div class=\"u-price-wrapper u-spacing-10\">\n                    <div class=\"u-hide-price u-old-price\">  <\/div>\n                    <div class=\"u-price u-text-palette-2-base\" style=\"font-size: 1.25rem; font-weight: 700;\"> <span class=\"woocommerce-Price-amount amount\"><bdi>2.000,00<span class=\"woocommerce-Price-currencySymbol\">kr.<\/span><\/bdi><\/span><span style=\"color:rgb(0, 0, 0);margin-left: 6px;font-size: 94%;\"><\/span> <\/div>\n                  <\/div>\n                <\/div>\n                <a data-quantity=\"1\" data-product_id=\"88\" data-product_sku=\"001\" href=\"\/index.php\/wp-json\/wp\/v2\/pages\/131?add-to-cart=88\" class=\" u-active-none u-border-2 u-border-active-palette-2-dark-1 u-border-hover-palette-2-base u-border-no-left u-border-no-right u-border-no-top u-border-palette-1-base u-btn u-button-style u-hover-none u-none u-product-control u-text-hover-palette-2-base u-text-palette-1-base u-btn-8   button product_type_simple add_to_cart_button ajax_add_to_cart\" data-product-id=\"\">Tilf\u00f8j til kurv<\/a>\n              <\/div>\n            <\/div>\n          <\/div>\n          <div class=\"u-list-control\"><\/div>\n        <\/div>\n      <\/div>\n    <\/section>\n    \n    \n    \n  \n","protected":false},"excerpt":{"rendered":"<p>produkter til farve og stil Kender du dine farver s\u00e5 k\u00f8b bare l\u00f8s. Hvis ikke s\u00e5 kontakt mig for en farve- og stiltest, s\u00e5 du er sikker p\u00e5 at f\u00e5 lige de farver, som passer dig bedst.&nbsp; Undg\u00e5 fejlk\u00f8b \u2013 ogs\u00e5 n\u00e5r det g\u00e6lder makeup. S\u00e5dan k\u00f8ber du i min butik &nbsp;Fra min online shop &hellip; <a href=\"https:\/\/www.farveogstil.dk\/index.php\/produkter\/\" class=\"more-link\">Continue reading<span class=\"screen-reader-text\"> &#8220;Produkter&#8221;<\/span><\/a><\/p>\n","protected":false},"author":1,"featured_media":0,"parent":0,"menu_order":2,"comment_status":"closed","ping_status":"closed","template":"","meta":{"footnotes":""},"class_list":["post-131","page","type-page","status-publish","hentry"],"_links":{"self":[{"href":"https:\/\/www.farveogstil.dk\/index.php\/wp-json\/wp\/v2\/pages\/131","targetHints":{"allow":["GET"]}}],"collection":[{"href":"https:\/\/www.farveogstil.dk\/index.php\/wp-json\/wp\/v2\/pages"}],"about":[{"href":"https:\/\/www.farveogstil.dk\/index.php\/wp-json\/wp\/v2\/types\/page"}],"author":[{"embeddable":true,"href":"https:\/\/www.farveogstil.dk\/index.php\/wp-json\/wp\/v2\/users\/1"}],"replies":[{"embeddable":true,"href":"https:\/\/www.farveogstil.dk\/index.php\/wp-json\/wp\/v2\/comments?post=131"}],"version-history":[{"count":18,"href":"https:\/\/www.farveogstil.dk\/index.php\/wp-json\/wp\/v2\/pages\/131\/revisions"}],"predecessor-version":[{"id":655,"href":"https:\/\/www.farveogstil.dk\/index.php\/wp-json\/wp\/v2\/pages\/131\/revisions\/655"}],"wp:attachment":[{"href":"https:\/\/www.farveogstil.dk\/index.php\/wp-json\/wp\/v2\/media?parent=131"}],"curies":[{"name":"wp","href":"https:\/\/api.w.org\/{rel}","templated":true}]}}